{"id":2493,"date":"2026-04-05T23:04:15","date_gmt":"2026-04-05T23:04:15","guid":{"rendered":"https:\/\/cosmeticshop.com.co\/?post_type=product&#038;p=2493"},"modified":"2026-04-05T23:04:15","modified_gmt":"2026-04-05T23:04:15","slug":"shampoo-vital","status":"publish","type":"product","link":"https:\/\/cosmeticshop.com.co\/?product=shampoo-vital","title":{"rendered":"Shampoo Vital"},"content":{"rendered":"<p>Gracias a sus ingredientes activos, este shampoo contribuye a aliviar la irritaci\u00f3n y la picaz\u00f3n, promoviendo un cuero cabelludo m\u00e1s saludable. Adem\u00e1s, hidrata y suaviza el cabello sin apelmazarlo, facilitando su manejo y mejorando su apariencia.<\/p>\n<p>Beneficios:<br data-start=\"247\" data-end=\"250\" \/>\u2022 Ayuda a eliminar la caspa y prevenir su aparici\u00f3n<br data-start=\"301\" data-end=\"304\" \/>\u2022 Purifica y limpia profundamente el cuero cabelludo<br data-start=\"356\" data-end=\"359\" \/>\u2022 Aporta frescura y efecto revitalizante<br data-start=\"399\" data-end=\"402\" \/>\u2022 Alivia la picaz\u00f3n e irritaci\u00f3n<br data-start=\"434\" data-end=\"437\" \/>\u2022 Favorece la oxigenaci\u00f3n del cuero cabelludo<br data-start=\"482\" data-end=\"485\" \/>\u2022 Hidrata y suaviza el cabello<br data-start=\"515\" data-end=\"518\" \/>\u2022 No apelmaza ni deja residuos<br data-start=\"548\" data-end=\"551\" \/>\u2022 Mantiene el cabello ligero y con movimiento natural<br data-start=\"604\" data-end=\"607\" \/>\u2022 Aporta brillo y aspecto saludable<br data-start=\"642\" data-end=\"645\" \/>\u2022 Ideal para uso frecuente<\/p>\n","protected":false},"excerpt":{"rendered":"<p>Shampoo anticaspa que limpia profundamente el cuero cabelludo, ayudando a eliminar la caspa y aportando una sensaci\u00f3n de frescura y bienestar.<\/p>\n","protected":false},"featured_media":2497,"template":"","meta":{"_joinchat":[]},"product_brand":[157],"product_cat":[61,62],"product_tag":[],"class_list":{"0":"post-2493","1":"product","2":"type-product","3":"status-publish","4":"has-post-thumbnail","6":"product_brand-beardburys","7":"product_cat-cuidado-capilar","8":"product_cat-shampoo","10":"first","11":"instock","12":"shipping-taxable","13":"purchasable","14":"product-type-variable"},"_links":{"self":[{"href":"https:\/\/cosmeticshop.com.co\/index.php?rest_route=\/wp\/v2\/product\/2493","targetHints":{"allow":["GET"]}}],"collection":[{"href":"https:\/\/cosmeticshop.com.co\/index.php?rest_route=\/wp\/v2\/product"}],"about":[{"href":"https:\/\/cosmeticshop.com.co\/index.php?rest_route=\/wp\/v2\/types\/product"}],"wp:featuredmedia":[{"embeddable":true,"href":"https:\/\/cosmeticshop.com.co\/index.php?rest_route=\/wp\/v2\/media\/2497"}],"wp:attachment":[{"href":"https:\/\/cosmeticshop.com.co\/index.php?rest_route=%2Fwp%2Fv2%2Fmedia&parent=2493"}],"wp:term":[{"taxonomy":"product_brand","embeddable":true,"href":"https:\/\/cosmeticshop.com.co\/index.php?rest_route=%2Fwp%2Fv2%2Fproduct_brand&post=2493"},{"taxonomy":"product_cat","embeddable":true,"href":"https:\/\/cosmeticshop.com.co\/index.php?rest_route=%2Fwp%2Fv2%2Fproduct_cat&post=2493"},{"taxonomy":"product_tag","embeddable":true,"href":"https:\/\/cosmeticshop.com.co\/index.php?rest_route=%2Fwp%2Fv2%2Fproduct_tag&post=2493"}],"curies":[{"name":"wp","href":"https:\/\/api.w.org\/{rel}","templated":true}]}}