{"id":2391,"date":"2026-04-05T22:31:33","date_gmt":"2026-04-05T22:31:33","guid":{"rendered":"https:\/\/cosmeticshop.com.co\/?post_type=product&#038;p=2391"},"modified":"2026-04-14T17:07:56","modified_gmt":"2026-04-14T17:07:56","slug":"esmalte-semipermanente","status":"publish","type":"product","link":"https:\/\/cosmeticshop.com.co\/?product=esmalte-semipermanente","title":{"rendered":"Esmalte Semipermanente"},"content":{"rendered":"<p>Dise\u00f1ado para adaptarse a diferentes tipos de aplicaci\u00f3n, es perfecto para u\u00f1as naturales, acr\u00edlicas o de gel, brindando versatilidad y resultados uniformes en cada uso. Su textura permite una aplicaci\u00f3n f\u00e1cil y r\u00e1pida, optimizando tu rutina de manicure.<\/p>\n","protected":false},"excerpt":{"rendered":"<p>Esmalte de larga duraci\u00f3n que mantiene tus u\u00f1as perfectas por semanas, con un brillo intenso y acabado profesional.<\/p>\n","protected":false},"featured_media":2461,"template":"","meta":{"_joinchat":[]},"product_brand":[136],"product_cat":[80,53],"product_tag":[],"class_list":{"0":"post-2391","1":"product","2":"type-product","3":"status-publish","4":"has-post-thumbnail","6":"product_brand-glimmer","7":"product_cat-esmaltes","8":"product_cat-unas","10":"first","11":"instock","12":"shipping-taxable","13":"purchasable","14":"product-type-variable"},"_links":{"self":[{"href":"https:\/\/cosmeticshop.com.co\/index.php?rest_route=\/wp\/v2\/product\/2391","targetHints":{"allow":["GET"]}}],"collection":[{"href":"https:\/\/cosmeticshop.com.co\/index.php?rest_route=\/wp\/v2\/product"}],"about":[{"href":"https:\/\/cosmeticshop.com.co\/index.php?rest_route=\/wp\/v2\/types\/product"}],"wp:featuredmedia":[{"embeddable":true,"href":"https:\/\/cosmeticshop.com.co\/index.php?rest_route=\/wp\/v2\/media\/2461"}],"wp:attachment":[{"href":"https:\/\/cosmeticshop.com.co\/index.php?rest_route=%2Fwp%2Fv2%2Fmedia&parent=2391"}],"wp:term":[{"taxonomy":"product_brand","embeddable":true,"href":"https:\/\/cosmeticshop.com.co\/index.php?rest_route=%2Fwp%2Fv2%2Fproduct_brand&post=2391"},{"taxonomy":"product_cat","embeddable":true,"href":"https:\/\/cosmeticshop.com.co\/index.php?rest_route=%2Fwp%2Fv2%2Fproduct_cat&post=2391"},{"taxonomy":"product_tag","embeddable":true,"href":"https:\/\/cosmeticshop.com.co\/index.php?rest_route=%2Fwp%2Fv2%2Fproduct_tag&post=2391"}],"curies":[{"name":"wp","href":"https:\/\/api.w.org\/{rel}","templated":true}]}}