{"id":1970,"date":"2026-03-31T17:26:37","date_gmt":"2026-03-31T17:26:37","guid":{"rendered":"https:\/\/cosmeticshop.com.co\/?post_type=product&#038;p=1970"},"modified":"2026-04-28T14:31:08","modified_gmt":"2026-04-28T14:31:08","slug":"demi-double","status":"publish","type":"product","link":"https:\/\/cosmeticshop.com.co\/?product=demi-double","title":{"rendered":"Demi Double"},"content":{"rendered":"<p data-start=\"209\" data-end=\"609\">Transforma tu look con una coloraci\u00f3n dise\u00f1ada para adaptarse a ti. Su tecnolog\u00eda modulable te permite crear desde tonos sutiles hasta resultados m\u00e1s intensos, logrando un acabado personalizado en cada aplicaci\u00f3n. Adem\u00e1s, su f\u00f3rmula 100% vegana y libre de amon\u00edaco cuida tu cabello mientras potencia el brillo y la suavidad, para un color que no solo se ve bien, sino que tambi\u00e9n se siente incre\u00edble.<\/p>\n","protected":false},"excerpt":{"rendered":"<p data-start=\"91\" data-end=\"158\">Color a tu medida, con f\u00f3rmula 100% vegana y libre de amon\u00edaco.<\/p>\n","protected":false},"featured_media":1971,"template":"","meta":{"_joinchat":[]},"product_brand":[143],"product_cat":[66,61],"product_tag":[],"class_list":{"0":"post-1970","1":"product","2":"type-product","3":"status-publish","4":"has-post-thumbnail","6":"product_brand-mood","7":"product_cat-coloracion","8":"product_cat-cuidado-capilar","10":"first","11":"instock","12":"featured","13":"shipping-taxable","14":"purchasable","15":"product-type-variable"},"_links":{"self":[{"href":"https:\/\/cosmeticshop.com.co\/index.php?rest_route=\/wp\/v2\/product\/1970","targetHints":{"allow":["GET"]}}],"collection":[{"href":"https:\/\/cosmeticshop.com.co\/index.php?rest_route=\/wp\/v2\/product"}],"about":[{"href":"https:\/\/cosmeticshop.com.co\/index.php?rest_route=\/wp\/v2\/types\/product"}],"wp:featuredmedia":[{"embeddable":true,"href":"https:\/\/cosmeticshop.com.co\/index.php?rest_route=\/wp\/v2\/media\/1971"}],"wp:attachment":[{"href":"https:\/\/cosmeticshop.com.co\/index.php?rest_route=%2Fwp%2Fv2%2Fmedia&parent=1970"}],"wp:term":[{"taxonomy":"product_brand","embeddable":true,"href":"https:\/\/cosmeticshop.com.co\/index.php?rest_route=%2Fwp%2Fv2%2Fproduct_brand&post=1970"},{"taxonomy":"product_cat","embeddable":true,"href":"https:\/\/cosmeticshop.com.co\/index.php?rest_route=%2Fwp%2Fv2%2Fproduct_cat&post=1970"},{"taxonomy":"product_tag","embeddable":true,"href":"https:\/\/cosmeticshop.com.co\/index.php?rest_route=%2Fwp%2Fv2%2Fproduct_tag&post=1970"}],"curies":[{"name":"wp","href":"https:\/\/api.w.org\/{rel}","templated":true}]}}