{"id":1918,"date":"2026-03-30T20:28:41","date_gmt":"2026-03-30T20:28:41","guid":{"rendered":"https:\/\/cosmeticshop.com.co\/?post_type=product&#038;p=1918"},"modified":"2026-04-01T02:52:15","modified_gmt":"2026-04-01T02:52:15","slug":"base-cremosa","status":"publish","type":"product","link":"https:\/\/cosmeticshop.com.co\/?product=base-cremosa","title":{"rendered":"Base Correctora Cremosa"},"content":{"rendered":"<p>Beneficios:<br data-start=\"162\" data-end=\"165\" \/>\u2022 Alto cubrimiento que ayuda a disimular manchas e imperfecciones<br data-start=\"230\" data-end=\"233\" \/>\u2022 F\u00f3rmula hidratante con \u00e1cido hialur\u00f3nico<br data-start=\"275\" data-end=\"278\" \/>\u2022 Contiene macadamia que mejora la apariencia de la piel<br data-start=\"334\" data-end=\"337\" data-is-only-node=\"\" \/>\u2022 Efecto antiedad que ayuda a retrasar signos de envejecimiento<br data-start=\"400\" data-end=\"403\" \/>\u2022 Incluye protecci\u00f3n solar para el cuidado diario<br data-start=\"452\" data-end=\"455\" \/>\u2022 Deja la piel suave, uniforme y con acabado natural<\/p>\n","protected":false},"excerpt":{"rendered":"<p>Base cremosa de alta cobertura que unifica el tono de la piel mientras hidrata y suaviza, dejando un acabado natural y uniforme durante todo el d\u00eda.<\/p>\n","protected":false},"featured_media":1923,"template":"","meta":{"_joinchat":[]},"product_brand":[148],"product_cat":[54,73],"product_tag":[],"class_list":{"0":"post-1918","1":"product","2":"type-product","3":"status-publish","4":"has-post-thumbnail","6":"product_brand-ecleyr","7":"product_cat-maquillaje","8":"product_cat-rostro","10":"first","11":"instock","12":"shipping-taxable","13":"purchasable","14":"product-type-variable"},"_links":{"self":[{"href":"https:\/\/cosmeticshop.com.co\/index.php?rest_route=\/wp\/v2\/product\/1918","targetHints":{"allow":["GET"]}}],"collection":[{"href":"https:\/\/cosmeticshop.com.co\/index.php?rest_route=\/wp\/v2\/product"}],"about":[{"href":"https:\/\/cosmeticshop.com.co\/index.php?rest_route=\/wp\/v2\/types\/product"}],"wp:featuredmedia":[{"embeddable":true,"href":"https:\/\/cosmeticshop.com.co\/index.php?rest_route=\/wp\/v2\/media\/1923"}],"wp:attachment":[{"href":"https:\/\/cosmeticshop.com.co\/index.php?rest_route=%2Fwp%2Fv2%2Fmedia&parent=1918"}],"wp:term":[{"taxonomy":"product_brand","embeddable":true,"href":"https:\/\/cosmeticshop.com.co\/index.php?rest_route=%2Fwp%2Fv2%2Fproduct_brand&post=1918"},{"taxonomy":"product_cat","embeddable":true,"href":"https:\/\/cosmeticshop.com.co\/index.php?rest_route=%2Fwp%2Fv2%2Fproduct_cat&post=1918"},{"taxonomy":"product_tag","embeddable":true,"href":"https:\/\/cosmeticshop.com.co\/index.php?rest_route=%2Fwp%2Fv2%2Fproduct_tag&post=1918"}],"curies":[{"name":"wp","href":"https:\/\/api.w.org\/{rel}","templated":true}]}}