{"id":1835,"date":"2026-03-30T15:50:15","date_gmt":"2026-03-30T15:50:15","guid":{"rendered":"https:\/\/cosmeticshop.com.co\/?post_type=product&#038;p=1835"},"modified":"2026-03-30T16:03:56","modified_gmt":"2026-03-30T16:03:56","slug":"polvos-sueltos","status":"publish","type":"product","link":"https:\/\/cosmeticshop.com.co\/?product=polvos-sueltos","title":{"rendered":"Polvos Sueltos"},"content":{"rendered":"<p>Logra un rostro impecable y sin brillos con una f\u00f3rmula dise\u00f1ada para fijar tu maquillaje por mucho m\u00e1s tiempo.<\/p>\n<p>Beneficios<br \/>\n\u2022 Sella y fija tu maquillaje profesionalmente garantizando una duraci\u00f3n superior durante todo el d\u00eda<br \/>\n\u2022 Reduce el brillo indeseado al instante con un acabado mate que luce totalmente natural<br \/>\n\u2022 Disfruta de una textura extrafina y ligera que no se siente pesada ni acartona la piel<br \/>\n\u2022 Obt\u00e9n un cubrimiento sutil y efectivo con una f\u00f3rmula micronizada ideal para todo tipo de piel<\/p>\n","protected":false},"excerpt":{"rendered":"<p>Polvo suelto micronizado extrafino de textura ligera que sella tu maquillaje con un acabado mate natural.<\/p>\n","protected":false},"featured_media":1841,"template":"","meta":{"_joinchat":[]},"product_brand":[148],"product_cat":[54,73],"product_tag":[],"class_list":{"0":"post-1835","1":"product","2":"type-product","3":"status-publish","4":"has-post-thumbnail","6":"product_brand-ecleyr","7":"product_cat-maquillaje","8":"product_cat-rostro","10":"first","11":"instock","12":"shipping-taxable","13":"purchasable","14":"product-type-variable"},"_links":{"self":[{"href":"https:\/\/cosmeticshop.com.co\/index.php?rest_route=\/wp\/v2\/product\/1835","targetHints":{"allow":["GET"]}}],"collection":[{"href":"https:\/\/cosmeticshop.com.co\/index.php?rest_route=\/wp\/v2\/product"}],"about":[{"href":"https:\/\/cosmeticshop.com.co\/index.php?rest_route=\/wp\/v2\/types\/product"}],"wp:featuredmedia":[{"embeddable":true,"href":"https:\/\/cosmeticshop.com.co\/index.php?rest_route=\/wp\/v2\/media\/1841"}],"wp:attachment":[{"href":"https:\/\/cosmeticshop.com.co\/index.php?rest_route=%2Fwp%2Fv2%2Fmedia&parent=1835"}],"wp:term":[{"taxonomy":"product_brand","embeddable":true,"href":"https:\/\/cosmeticshop.com.co\/index.php?rest_route=%2Fwp%2Fv2%2Fproduct_brand&post=1835"},{"taxonomy":"product_cat","embeddable":true,"href":"https:\/\/cosmeticshop.com.co\/index.php?rest_route=%2Fwp%2Fv2%2Fproduct_cat&post=1835"},{"taxonomy":"product_tag","embeddable":true,"href":"https:\/\/cosmeticshop.com.co\/index.php?rest_route=%2Fwp%2Fv2%2Fproduct_tag&post=1835"}],"curies":[{"name":"wp","href":"https:\/\/api.w.org\/{rel}","templated":true}]}}