{"id":1805,"date":"2026-03-30T14:29:22","date_gmt":"2026-03-30T14:29:22","guid":{"rendered":"https:\/\/cosmeticshop.com.co\/?post_type=product&#038;p=1805"},"modified":"2026-03-30T14:31:55","modified_gmt":"2026-03-30T14:31:55","slug":"delineador-skinny","status":"publish","type":"product","link":"https:\/\/cosmeticshop.com.co\/?product=delineador-skinny","title":{"rendered":"Delineador Skinny"},"content":{"rendered":"<p>Logra un delineado profesional y definido con una herramienta dise\u00f1ada para la m\u00e1xima comodidad y duraci\u00f3n.<\/p>\n<p>Beneficios:<br \/>\n\u2022 Traza con total precisi\u00f3n gracias a su punta tipo plum\u00f3n que permite un control absoluto.<br \/>\n\u2022 Mant\u00e9n tu look intacto todo el d\u00eda con una f\u00f3rmula a prueba de agua de excelente fijaci\u00f3n.<br \/>\n\u2022 Disfruta de una aplicaci\u00f3n siempre fluida con una esfera interna que evita que el producto se seque.<br \/>\n\u2022 Obt\u00e9n un color intenso y firme que no se cuartea ni se corre durante el d\u00eda.<\/p>\n","protected":false},"excerpt":{"rendered":"<p>Delineador en plum\u00f3n de alta precisi\u00f3n y larga duraci\u00f3n con f\u00f3rmula a prueba de agua que no se corre.<\/p>\n","protected":false},"featured_media":1811,"template":"","meta":{"_joinchat":[]},"product_brand":[148],"product_cat":[54,74],"product_tag":[],"class_list":{"0":"post-1805","1":"product","2":"type-product","3":"status-publish","4":"has-post-thumbnail","6":"product_brand-ecleyr","7":"product_cat-maquillaje","8":"product_cat-ojos","10":"first","11":"instock","12":"shipping-taxable","13":"purchasable","14":"product-type-variable"},"_links":{"self":[{"href":"https:\/\/cosmeticshop.com.co\/index.php?rest_route=\/wp\/v2\/product\/1805","targetHints":{"allow":["GET"]}}],"collection":[{"href":"https:\/\/cosmeticshop.com.co\/index.php?rest_route=\/wp\/v2\/product"}],"about":[{"href":"https:\/\/cosmeticshop.com.co\/index.php?rest_route=\/wp\/v2\/types\/product"}],"wp:featuredmedia":[{"embeddable":true,"href":"https:\/\/cosmeticshop.com.co\/index.php?rest_route=\/wp\/v2\/media\/1811"}],"wp:attachment":[{"href":"https:\/\/cosmeticshop.com.co\/index.php?rest_route=%2Fwp%2Fv2%2Fmedia&parent=1805"}],"wp:term":[{"taxonomy":"product_brand","embeddable":true,"href":"https:\/\/cosmeticshop.com.co\/index.php?rest_route=%2Fwp%2Fv2%2Fproduct_brand&post=1805"},{"taxonomy":"product_cat","embeddable":true,"href":"https:\/\/cosmeticshop.com.co\/index.php?rest_route=%2Fwp%2Fv2%2Fproduct_cat&post=1805"},{"taxonomy":"product_tag","embeddable":true,"href":"https:\/\/cosmeticshop.com.co\/index.php?rest_route=%2Fwp%2Fv2%2Fproduct_tag&post=1805"}],"curies":[{"name":"wp","href":"https:\/\/api.w.org\/{rel}","templated":true}]}}