{"id":1575,"date":"2026-03-26T16:08:04","date_gmt":"2026-03-26T16:08:04","guid":{"rendered":"https:\/\/cosmeticshop.com.co\/?post_type=product&#038;p=1575"},"modified":"2026-03-26T18:00:49","modified_gmt":"2026-03-26T18:00:49","slug":"delineador-liquido","status":"publish","type":"product","link":"https:\/\/cosmeticshop.com.co\/?product=delineador-liquido","title":{"rendered":"Delineador L\u00edquido"},"content":{"rendered":"<p>Logra un delineado profesional y definido con una herramienta dise\u00f1ada para la m\u00e1xima comodidad y duraci\u00f3n.<\/p>\n<p>Beneficios:<br \/>\n\u2022 Traza con total precisi\u00f3n gracias a su aplicador tipo plum\u00f3n que dosifica la cantidad exacta<br \/>\n\u2022 Mant\u00e9n tu look intacto por 14 horas con una excelente fijaci\u00f3n a prueba de agua<br \/>\n\u2022 Disfruta de una f\u00f3rmula fresca con una esfera interna que evita que el producto se seque<br \/>\n\u2022 Retira el maquillaje con facilidad cuidando siempre la delicada piel de tus ojos<\/p>\n<p>Es el aliado ideal para quienes buscan un trazo firme y negro intenso que no se corre ni se cuartea, obt\u00e9n un acabado definido y seguro que resalta tu mirada con confianza durante todo el d\u00eda.<\/p>\n","protected":false},"excerpt":{"rendered":"<p>Delineador l\u00edquido de alta precisi\u00f3n con punta plum\u00f3n para un trazado perfecto y f\u00e1cil, su f\u00f3rmula a prueba de agua garantiza 14 horas de fijaci\u00f3n impecable con excelente cuidado para tu piel.<\/p>\n","protected":false},"featured_media":1577,"template":"","meta":{"_joinchat":[]},"product_brand":[148],"product_cat":[54,74],"product_tag":[],"class_list":{"0":"post-1575","1":"product","2":"type-product","3":"status-publish","4":"has-post-thumbnail","6":"product_brand-ecleyr","7":"product_cat-maquillaje","8":"product_cat-ojos","10":"first","11":"instock","12":"shipping-taxable","13":"purchasable","14":"product-type-simple"},"_links":{"self":[{"href":"https:\/\/cosmeticshop.com.co\/index.php?rest_route=\/wp\/v2\/product\/1575","targetHints":{"allow":["GET"]}}],"collection":[{"href":"https:\/\/cosmeticshop.com.co\/index.php?rest_route=\/wp\/v2\/product"}],"about":[{"href":"https:\/\/cosmeticshop.com.co\/index.php?rest_route=\/wp\/v2\/types\/product"}],"wp:featuredmedia":[{"embeddable":true,"href":"https:\/\/cosmeticshop.com.co\/index.php?rest_route=\/wp\/v2\/media\/1577"}],"wp:attachment":[{"href":"https:\/\/cosmeticshop.com.co\/index.php?rest_route=%2Fwp%2Fv2%2Fmedia&parent=1575"}],"wp:term":[{"taxonomy":"product_brand","embeddable":true,"href":"https:\/\/cosmeticshop.com.co\/index.php?rest_route=%2Fwp%2Fv2%2Fproduct_brand&post=1575"},{"taxonomy":"product_cat","embeddable":true,"href":"https:\/\/cosmeticshop.com.co\/index.php?rest_route=%2Fwp%2Fv2%2Fproduct_cat&post=1575"},{"taxonomy":"product_tag","embeddable":true,"href":"https:\/\/cosmeticshop.com.co\/index.php?rest_route=%2Fwp%2Fv2%2Fproduct_tag&post=1575"}],"curies":[{"name":"wp","href":"https:\/\/api.w.org\/{rel}","templated":true}]}}