{"id":1546,"date":"2026-03-25T22:32:22","date_gmt":"2026-03-25T22:32:22","guid":{"rendered":"https:\/\/cosmeticshop.com.co\/?post_type=product&#038;p=1546"},"modified":"2026-04-14T17:11:16","modified_gmt":"2026-04-14T17:11:16","slug":"lapiz-delineador-de-ojos-retractil","status":"publish","type":"product","link":"https:\/\/cosmeticshop.com.co\/?product=lapiz-delineador-de-ojos-retractil","title":{"rendered":"L\u00e1piz Delineador De Ojos Retr\u00e1ctil"},"content":{"rendered":"<p>Define tu mirada, dise\u00f1ado para ofrecer un trazo impecable que resiste todo el d\u00eda sin necesidad de retoques.<\/p>\n<p>Beneficios:<br \/>\n\u2022 Intensidad de color desde la primera pasada<br \/>\n\u2022 F\u00f3rmula de larga duraci\u00f3n resistente al agua<br \/>\n\u2022 Textura suave que no se corre<br \/>\n\u2022 Punta retr\u00e1ctil para l\u00edneas exactas y precisas<br \/>\n\u2022 Excelente cobertura ideal para delinear o difuminar<\/p>\n<p>Consigue un delineado profesional y duradero que se mantiene intacto. La herramienta esencial para una mirada definida y de alto impacto.<\/p>\n","protected":false},"excerpt":{"rendered":"<p>Mirada intensa con precisi\u00f3n profesional. Color de alta cobertura, resistente al agua y de larga duraci\u00f3n. Su punta retr\u00e1ctil permite trazos exactos o un difuminado suave sin correrse.<\/p>\n","protected":false},"featured_media":1547,"template":"","meta":{"_joinchat":[]},"product_brand":[148],"product_cat":[54,74],"product_tag":[],"class_list":{"0":"post-1546","1":"product","2":"type-product","3":"status-publish","4":"has-post-thumbnail","6":"product_brand-ecleyr","7":"product_cat-maquillaje","8":"product_cat-ojos","10":"first","11":"instock","12":"shipping-taxable","13":"purchasable","14":"product-type-simple"},"_links":{"self":[{"href":"https:\/\/cosmeticshop.com.co\/index.php?rest_route=\/wp\/v2\/product\/1546","targetHints":{"allow":["GET"]}}],"collection":[{"href":"https:\/\/cosmeticshop.com.co\/index.php?rest_route=\/wp\/v2\/product"}],"about":[{"href":"https:\/\/cosmeticshop.com.co\/index.php?rest_route=\/wp\/v2\/types\/product"}],"wp:featuredmedia":[{"embeddable":true,"href":"https:\/\/cosmeticshop.com.co\/index.php?rest_route=\/wp\/v2\/media\/1547"}],"wp:attachment":[{"href":"https:\/\/cosmeticshop.com.co\/index.php?rest_route=%2Fwp%2Fv2%2Fmedia&parent=1546"}],"wp:term":[{"taxonomy":"product_brand","embeddable":true,"href":"https:\/\/cosmeticshop.com.co\/index.php?rest_route=%2Fwp%2Fv2%2Fproduct_brand&post=1546"},{"taxonomy":"product_cat","embeddable":true,"href":"https:\/\/cosmeticshop.com.co\/index.php?rest_route=%2Fwp%2Fv2%2Fproduct_cat&post=1546"},{"taxonomy":"product_tag","embeddable":true,"href":"https:\/\/cosmeticshop.com.co\/index.php?rest_route=%2Fwp%2Fv2%2Fproduct_tag&post=1546"}],"curies":[{"name":"wp","href":"https:\/\/api.w.org\/{rel}","templated":true}]}}