{"id":1538,"date":"2026-03-25T22:15:41","date_gmt":"2026-03-25T22:15:41","guid":{"rendered":"https:\/\/cosmeticshop.com.co\/?post_type=product&#038;p=1538"},"modified":"2026-03-25T22:16:42","modified_gmt":"2026-03-25T22:16:42","slug":"lapiz-delineador-cejas-retractil","status":"publish","type":"product","link":"https:\/\/cosmeticshop.com.co\/?product=lapiz-delineador-cejas-retractil","title":{"rendered":"L\u00e1piz Delineador Cejas Retr\u00e1ctil"},"content":{"rendered":"<p>Logra cejas perfectamente definidas con este delineador retr\u00e1ctil, dise\u00f1ado para ofrecer trazos precisos y un acabado natural o intenso seg\u00fan tu estilo. Su f\u00f3rmula de larga duraci\u00f3n es resistente al agua, evitando que el producto se corra durante el d\u00eda.<\/p>\n<p>Beneficios:<br \/>\n\u2022 L\u00e1piz retr\u00e1ctil pr\u00e1ctico y f\u00e1cil de usar<br \/>\n\u2022 Trazo preciso para definir y rellenar<br \/>\n\u2022 Color intenso y modulable<br \/>\n\u2022 Larga duraci\u00f3n<br \/>\n\u2022 Resistente al agua<br \/>\n\u2022 No se corre ni se desvanece<\/p>\n<p>Consigue cejas definidas y naturales con trazos precisos y una f\u00f3rmula de larga duraci\u00f3n que se mantiene intacta. Su aplicaci\u00f3n suave permite difuminar f\u00e1cilmente, logrando un acabado uniforme y con resistencia al agua.<\/p>\n","protected":false},"excerpt":{"rendered":"<p>Logra cejas perfectamente definidas con este delineador retr\u00e1ctil, dise\u00f1ado para ofrecer trazos precisos y un acabado natural o intenso seg\u00fan tu estilo. Su f\u00f3rmula de larga duraci\u00f3n es resistente al agua, evitando que el producto se corra durante el d\u00eda. Beneficios: \u2022 L\u00e1piz retr\u00e1ctil pr\u00e1ctico y f\u00e1cil de usar \u2022 Trazo preciso para definir y [&hellip;]<\/p>\n","protected":false},"featured_media":1542,"template":"","meta":{"_joinchat":[]},"product_brand":[148],"product_cat":[75,54],"product_tag":[],"class_list":{"0":"post-1538","1":"product","2":"type-product","3":"status-publish","4":"has-post-thumbnail","6":"product_brand-ecleyr","7":"product_cat-cejas","8":"product_cat-maquillaje","10":"first","11":"instock","12":"shipping-taxable","13":"purchasable","14":"product-type-variable"},"_links":{"self":[{"href":"https:\/\/cosmeticshop.com.co\/index.php?rest_route=\/wp\/v2\/product\/1538","targetHints":{"allow":["GET"]}}],"collection":[{"href":"https:\/\/cosmeticshop.com.co\/index.php?rest_route=\/wp\/v2\/product"}],"about":[{"href":"https:\/\/cosmeticshop.com.co\/index.php?rest_route=\/wp\/v2\/types\/product"}],"wp:featuredmedia":[{"embeddable":true,"href":"https:\/\/cosmeticshop.com.co\/index.php?rest_route=\/wp\/v2\/media\/1542"}],"wp:attachment":[{"href":"https:\/\/cosmeticshop.com.co\/index.php?rest_route=%2Fwp%2Fv2%2Fmedia&parent=1538"}],"wp:term":[{"taxonomy":"product_brand","embeddable":true,"href":"https:\/\/cosmeticshop.com.co\/index.php?rest_route=%2Fwp%2Fv2%2Fproduct_brand&post=1538"},{"taxonomy":"product_cat","embeddable":true,"href":"https:\/\/cosmeticshop.com.co\/index.php?rest_route=%2Fwp%2Fv2%2Fproduct_cat&post=1538"},{"taxonomy":"product_tag","embeddable":true,"href":"https:\/\/cosmeticshop.com.co\/index.php?rest_route=%2Fwp%2Fv2%2Fproduct_tag&post=1538"}],"curies":[{"name":"wp","href":"https:\/\/api.w.org\/{rel}","templated":true}]}}