{"id":1530,"date":"2026-03-25T22:04:51","date_gmt":"2026-03-25T22:04:51","guid":{"rendered":"https:\/\/cosmeticshop.com.co\/?post_type=product&#038;p=1530"},"modified":"2026-04-14T17:11:27","modified_gmt":"2026-04-14T17:11:27","slug":"delineador-de-cejas-con-spoolie","status":"publish","type":"product","link":"https:\/\/cosmeticshop.com.co\/?product=delineador-de-cejas-con-spoolie","title":{"rendered":"Delineador De Cejas Con Spoolie"},"content":{"rendered":"<p>Logra unas cejas intensas y perfeccionadas con una herramienta dise\u00f1ada para un acabado profesional y natural.<\/p>\n<p>Beneficios:<br \/>\n\u2022 Rellena y perfecciona tus cejas con una base mineral de alta pigmentaci\u00f3n<br \/>\n\u2022 Crea l\u00edneas muy suaves y precisas gracias a su textura de efecto polvoroso<br \/>\n\u2022 Peina y difumina el color f\u00e1cilmente con su cepillo spoolie integrado tipo m\u00e1scara<br \/>\n\u2022 Intensifica tu mirada al instante con una aplicaci\u00f3n suave que no maltrata la piel<\/p>\n<p>Es el aliado ideal para transformar tus cejas en segundos, d\u00e1ndoles cuerpo y definici\u00f3n con un trazo que se difumina a la perfecci\u00f3n. Disfruta de un dise\u00f1o impecable y natural que resalta tu expresi\u00f3n con elegancia durante todo el d\u00eda.<\/p>\n","protected":false},"excerpt":{"rendered":"<p>L\u00e1piz con base mineral y spoolie para rellenar, peinar y definir tus cejas con un acabado polvoroso natural.<\/p>\n","protected":false},"featured_media":1536,"template":"","meta":{"_joinchat":[]},"product_brand":[148],"product_cat":[75,54],"product_tag":[],"class_list":{"0":"post-1530","1":"product","2":"type-product","3":"status-publish","4":"has-post-thumbnail","6":"product_brand-ecleyr","7":"product_cat-cejas","8":"product_cat-maquillaje","10":"first","11":"instock","12":"shipping-taxable","13":"purchasable","14":"product-type-simple"},"_links":{"self":[{"href":"https:\/\/cosmeticshop.com.co\/index.php?rest_route=\/wp\/v2\/product\/1530","targetHints":{"allow":["GET"]}}],"collection":[{"href":"https:\/\/cosmeticshop.com.co\/index.php?rest_route=\/wp\/v2\/product"}],"about":[{"href":"https:\/\/cosmeticshop.com.co\/index.php?rest_route=\/wp\/v2\/types\/product"}],"wp:featuredmedia":[{"embeddable":true,"href":"https:\/\/cosmeticshop.com.co\/index.php?rest_route=\/wp\/v2\/media\/1536"}],"wp:attachment":[{"href":"https:\/\/cosmeticshop.com.co\/index.php?rest_route=%2Fwp%2Fv2%2Fmedia&parent=1530"}],"wp:term":[{"taxonomy":"product_brand","embeddable":true,"href":"https:\/\/cosmeticshop.com.co\/index.php?rest_route=%2Fwp%2Fv2%2Fproduct_brand&post=1530"},{"taxonomy":"product_cat","embeddable":true,"href":"https:\/\/cosmeticshop.com.co\/index.php?rest_route=%2Fwp%2Fv2%2Fproduct_cat&post=1530"},{"taxonomy":"product_tag","embeddable":true,"href":"https:\/\/cosmeticshop.com.co\/index.php?rest_route=%2Fwp%2Fv2%2Fproduct_tag&post=1530"}],"curies":[{"name":"wp","href":"https:\/\/api.w.org\/{rel}","templated":true}]}}