{"id":1484,"date":"2026-03-24T17:47:44","date_gmt":"2026-03-24T17:47:44","guid":{"rendered":"https:\/\/cosmeticshop.com.co\/?product=serum-potenciador-con-efecto-relleno"},"modified":"2026-03-24T17:50:50","modified_gmt":"2026-03-24T17:50:50","slug":"serum-potenciador-con-efecto-relleno","status":"publish","type":"product","link":"https:\/\/cosmeticshop.com.co\/?product=serum-potenciador-con-efecto-relleno","title":{"rendered":"S\u00e9rum Potenciador Con Efecto Relleno"},"content":{"rendered":"<p>S\u00e9rum concentrado con efecto relleno tipo \u201cbotox-like\u201d que ayuda a hidratar profundamente mientras mejora la firmeza y suaviza l\u00edneas de expresi\u00f3n desde la primera aplicaci\u00f3n. Deja la piel m\u00e1s tersa, luminosa y visiblemente rejuvenecida.<\/p>\n<p>Beneficios:<br \/>\n\u2022 Efecto relleno inmediato<br \/>\n\u2022 Ayuda a reducir l\u00edneas de expresi\u00f3n<br \/>\n\u2022 Mejora la firmeza y elasticidad<br \/>\n\u2022 Hidrataci\u00f3n profunda y duradera<br \/>\n\u2022 Aporta luminosidad al rostro<br \/>\n\u2022 Deja la piel m\u00e1s suave y tersa<\/p>\n<p>Gracias a su alta concentraci\u00f3n de activos, act\u00faa como un potenciador antiedad intensivo que mejora la apariencia de la piel, dej\u00e1ndola m\u00e1s firme, uniforme y revitalizada.<\/p>\n","protected":false},"excerpt":{"rendered":"<p>S\u00e9rum potenciador con efecto relleno que hidrata, reafirma y suaviza arrugas para una piel m\u00e1s firme y rejuvenecida.<\/p>\n","protected":false},"featured_media":1466,"template":"","meta":{"_joinchat":[]},"product_brand":[141],"product_cat":[59],"product_tag":[],"class_list":{"0":"post-1484","1":"product","2":"type-product","3":"status-publish","4":"has-post-thumbnail","6":"product_brand-dermolab","7":"product_cat-tratamiento-cuidado-facial","9":"first","10":"instock","11":"shipping-taxable","12":"purchasable","13":"product-type-simple"},"_links":{"self":[{"href":"https:\/\/cosmeticshop.com.co\/index.php?rest_route=\/wp\/v2\/product\/1484","targetHints":{"allow":["GET"]}}],"collection":[{"href":"https:\/\/cosmeticshop.com.co\/index.php?rest_route=\/wp\/v2\/product"}],"about":[{"href":"https:\/\/cosmeticshop.com.co\/index.php?rest_route=\/wp\/v2\/types\/product"}],"wp:featuredmedia":[{"embeddable":true,"href":"https:\/\/cosmeticshop.com.co\/index.php?rest_route=\/wp\/v2\/media\/1466"}],"wp:attachment":[{"href":"https:\/\/cosmeticshop.com.co\/index.php?rest_route=%2Fwp%2Fv2%2Fmedia&parent=1484"}],"wp:term":[{"taxonomy":"product_brand","embeddable":true,"href":"https:\/\/cosmeticshop.com.co\/index.php?rest_route=%2Fwp%2Fv2%2Fproduct_brand&post=1484"},{"taxonomy":"product_cat","embeddable":true,"href":"https:\/\/cosmeticshop.com.co\/index.php?rest_route=%2Fwp%2Fv2%2Fproduct_cat&post=1484"},{"taxonomy":"product_tag","embeddable":true,"href":"https:\/\/cosmeticshop.com.co\/index.php?rest_route=%2Fwp%2Fv2%2Fproduct_tag&post=1484"}],"curies":[{"name":"wp","href":"https:\/\/api.w.org\/{rel}","templated":true}]}}