{"id":1482,"date":"2026-03-24T17:47:44","date_gmt":"2026-03-24T17:47:44","guid":{"rendered":"https:\/\/cosmeticshop.com.co\/?product=suero-potenciador-antiarrugas-iluminador-energizante"},"modified":"2026-03-24T17:50:31","modified_gmt":"2026-03-24T17:50:31","slug":"suero-potenciador-antiarrugas-iluminador-energizante","status":"publish","type":"product","link":"https:\/\/cosmeticshop.com.co\/?product=suero-potenciador-antiarrugas-iluminador-energizante","title":{"rendered":"Suero Potenciador Antiarrugas Iluminador Energizante"},"content":{"rendered":"<p>Su f\u00f3rmula con \u00e1cido hialur\u00f3nico, vitamina C y extractos antioxidantes ayuda a hidratar profundamente mientras revitaliza la piel, aportando luminosidad y mejorando el tono. Act\u00faa como un tratamiento energizante que combate los signos de fatiga y envejecimiento.<\/p>\n<p>Beneficios:<br \/>\n\u2022 Ayuda a reducir arrugas y l\u00edneas de expresi\u00f3n<br \/>\n\u2022 Ilumina y unifica el tono de la piel<br \/>\n\u2022 Hidrata en profundidad y efecto relleno<br \/>\n\u2022 Revitaliza y energiza el rostro<br \/>\n\u2022 Mejora la firmeza y elasticidad<br \/>\n\u2022 Aporta una piel m\u00e1s luminosa y saludable<\/p>\n<p>Gracias a su acci\u00f3n antioxidante, protege la piel frente a factores externos mientras mejora su apariencia, dej\u00e1ndola m\u00e1s fresca, suave y rejuvenecida.<\/p>\n","protected":false},"excerpt":{"rendered":"<p>Suero antiarrugas iluminador que hidrata, revitaliza y aporta energ\u00eda a la piel para un rostro m\u00e1s luminoso y uniforme.<\/p>\n","protected":false},"featured_media":1462,"template":"","meta":{"_joinchat":[]},"product_brand":[141],"product_cat":[59],"product_tag":[],"class_list":{"0":"post-1482","1":"product","2":"type-product","3":"status-publish","4":"has-post-thumbnail","6":"product_brand-dermolab","7":"product_cat-tratamiento-cuidado-facial","9":"first","10":"instock","11":"shipping-taxable","12":"purchasable","13":"product-type-simple"},"_links":{"self":[{"href":"https:\/\/cosmeticshop.com.co\/index.php?rest_route=\/wp\/v2\/product\/1482","targetHints":{"allow":["GET"]}}],"collection":[{"href":"https:\/\/cosmeticshop.com.co\/index.php?rest_route=\/wp\/v2\/product"}],"about":[{"href":"https:\/\/cosmeticshop.com.co\/index.php?rest_route=\/wp\/v2\/types\/product"}],"wp:featuredmedia":[{"embeddable":true,"href":"https:\/\/cosmeticshop.com.co\/index.php?rest_route=\/wp\/v2\/media\/1462"}],"wp:attachment":[{"href":"https:\/\/cosmeticshop.com.co\/index.php?rest_route=%2Fwp%2Fv2%2Fmedia&parent=1482"}],"wp:term":[{"taxonomy":"product_brand","embeddable":true,"href":"https:\/\/cosmeticshop.com.co\/index.php?rest_route=%2Fwp%2Fv2%2Fproduct_brand&post=1482"},{"taxonomy":"product_cat","embeddable":true,"href":"https:\/\/cosmeticshop.com.co\/index.php?rest_route=%2Fwp%2Fv2%2Fproduct_cat&post=1482"},{"taxonomy":"product_tag","embeddable":true,"href":"https:\/\/cosmeticshop.com.co\/index.php?rest_route=%2Fwp%2Fv2%2Fproduct_tag&post=1482"}],"curies":[{"name":"wp","href":"https:\/\/api.w.org\/{rel}","templated":true}]}}