{"id":1476,"date":"2026-03-24T17:47:44","date_gmt":"2026-03-24T17:47:44","guid":{"rendered":"https:\/\/cosmeticshop.com.co\/?product=crema-redensificante-antiedad-con-acido-hialuronico"},"modified":"2026-03-24T17:49:39","modified_gmt":"2026-03-24T17:49:39","slug":"crema-redensificante-antiedad-con-acido-hialuronico","status":"publish","type":"product","link":"https:\/\/cosmeticshop.com.co\/?product=crema-redensificante-antiedad-con-acido-hialuronico","title":{"rendered":"Crema Redensificante Antiedad Con \u00c1cido Hialur\u00f3nico"},"content":{"rendered":"<p>Su f\u00f3rmula con \u00e1cido hialur\u00f3nico ayuda a hidratar profundamente mientras combate la p\u00e9rdida de firmeza y elasticidad, aportando un efecto redensificante que mejora la apariencia del rostro. Ideal para pieles a partir de los 40 a\u00f1os que buscan un efecto rejuvenecedor visible.<\/p>\n<p>Beneficios:<br \/>\n\u2022 Ayuda a recuperar la firmeza y elasticidad<br \/>\n\u2022 Efecto redensificante y revitalizante<br \/>\n\u2022 Hidrataci\u00f3n profunda y duradera<br \/>\n\u2022 Mejora el volumen y la tonicidad de la piel<br \/>\n\u2022 Aporta luminosidad al rostro<br \/>\n\u2022 Deja la piel m\u00e1s tersa y rejuvenecida<\/p>\n<p>Gracias a su acci\u00f3n intensiva, contribuye a restaurar el equilibrio de la piel, dej\u00e1ndola m\u00e1s firme, suave y con una apariencia m\u00e1s joven y saludable.<\/p>\n","protected":false},"excerpt":{"rendered":"<p>Crema redensificante antiedad que hidrata, reafirma y ayuda a recuperar el volumen y la elasticidad de la piel.<\/p>\n","protected":false},"featured_media":1450,"template":"","meta":{"_joinchat":[]},"product_brand":[141],"product_cat":[58],"product_tag":[],"class_list":{"0":"post-1476","1":"product","2":"type-product","3":"status-publish","4":"has-post-thumbnail","6":"product_brand-dermolab","7":"product_cat-preparacion","9":"first","10":"instock","11":"shipping-taxable","12":"purchasable","13":"product-type-simple"},"_links":{"self":[{"href":"https:\/\/cosmeticshop.com.co\/index.php?rest_route=\/wp\/v2\/product\/1476","targetHints":{"allow":["GET"]}}],"collection":[{"href":"https:\/\/cosmeticshop.com.co\/index.php?rest_route=\/wp\/v2\/product"}],"about":[{"href":"https:\/\/cosmeticshop.com.co\/index.php?rest_route=\/wp\/v2\/types\/product"}],"wp:featuredmedia":[{"embeddable":true,"href":"https:\/\/cosmeticshop.com.co\/index.php?rest_route=\/wp\/v2\/media\/1450"}],"wp:attachment":[{"href":"https:\/\/cosmeticshop.com.co\/index.php?rest_route=%2Fwp%2Fv2%2Fmedia&parent=1476"}],"wp:term":[{"taxonomy":"product_brand","embeddable":true,"href":"https:\/\/cosmeticshop.com.co\/index.php?rest_route=%2Fwp%2Fv2%2Fproduct_brand&post=1476"},{"taxonomy":"product_cat","embeddable":true,"href":"https:\/\/cosmeticshop.com.co\/index.php?rest_route=%2Fwp%2Fv2%2Fproduct_cat&post=1476"},{"taxonomy":"product_tag","embeddable":true,"href":"https:\/\/cosmeticshop.com.co\/index.php?rest_route=%2Fwp%2Fv2%2Fproduct_tag&post=1476"}],"curies":[{"name":"wp","href":"https:\/\/api.w.org\/{rel}","templated":true}]}}