{"id":1475,"date":"2026-03-24T17:47:44","date_gmt":"2026-03-24T17:47:44","guid":{"rendered":"https:\/\/cosmeticshop.com.co\/?product=crema-hidratante-matificante"},"modified":"2026-03-24T17:49:18","modified_gmt":"2026-03-24T17:49:18","slug":"crema-hidratante-matificante","status":"publish","type":"product","link":"https:\/\/cosmeticshop.com.co\/?product=crema-hidratante-matificante","title":{"rendered":"Crema Hidratante Matificante"},"content":{"rendered":"<p>Su f\u00f3rmula con \u00e1cido hialur\u00f3nico de m\u00faltiples pesos moleculares hidrata en profundidad mientras controla el exceso de grasa, dejando la piel suave, equilibrada y sin brillo. Adem\u00e1s, ayuda a proteger frente a agresiones externas y mantener un aspecto fresco durante todo el d\u00eda.<\/p>\n<p>Beneficios:<br \/>\n\u2022 Controla el brillo y efecto antigrasa<br \/>\n\u2022 Hidrata sin sensaci\u00f3n pesada<br \/>\n\u2022 Ayuda a minimizar la apariencia de poros<br \/>\n\u2022 Mejora la textura de la piel<br \/>\n\u2022 Mantiene el rostro fresco y equilibrado<br \/>\n\u2022 Ideal para piel mixta a grasa<\/p>\n<p>Gracias a su efecto matificante, ayuda a mantener una piel limpia, uniforme y con acabado natural, perfecta para el uso diario.<\/p>\n","protected":false},"excerpt":{"rendered":"<p>Crema hidratante matificante que controla el brillo, hidrata y mantiene la piel fresca y equilibrada durante el d\u00eda.<\/p>\n","protected":false},"featured_media":1449,"template":"","meta":{"_joinchat":[]},"product_brand":[141],"product_cat":[58],"product_tag":[],"class_list":{"0":"post-1475","1":"product","2":"type-product","3":"status-publish","4":"has-post-thumbnail","6":"product_brand-dermolab","7":"product_cat-preparacion","9":"first","10":"instock","11":"shipping-taxable","12":"purchasable","13":"product-type-simple"},"_links":{"self":[{"href":"https:\/\/cosmeticshop.com.co\/index.php?rest_route=\/wp\/v2\/product\/1475","targetHints":{"allow":["GET"]}}],"collection":[{"href":"https:\/\/cosmeticshop.com.co\/index.php?rest_route=\/wp\/v2\/product"}],"about":[{"href":"https:\/\/cosmeticshop.com.co\/index.php?rest_route=\/wp\/v2\/types\/product"}],"wp:featuredmedia":[{"embeddable":true,"href":"https:\/\/cosmeticshop.com.co\/index.php?rest_route=\/wp\/v2\/media\/1449"}],"wp:attachment":[{"href":"https:\/\/cosmeticshop.com.co\/index.php?rest_route=%2Fwp%2Fv2%2Fmedia&parent=1475"}],"wp:term":[{"taxonomy":"product_brand","embeddable":true,"href":"https:\/\/cosmeticshop.com.co\/index.php?rest_route=%2Fwp%2Fv2%2Fproduct_brand&post=1475"},{"taxonomy":"product_cat","embeddable":true,"href":"https:\/\/cosmeticshop.com.co\/index.php?rest_route=%2Fwp%2Fv2%2Fproduct_cat&post=1475"},{"taxonomy":"product_tag","embeddable":true,"href":"https:\/\/cosmeticshop.com.co\/index.php?rest_route=%2Fwp%2Fv2%2Fproduct_tag&post=1475"}],"curies":[{"name":"wp","href":"https:\/\/api.w.org\/{rel}","templated":true}]}}