{"id":1472,"date":"2026-03-24T17:47:44","date_gmt":"2026-03-24T17:47:44","guid":{"rendered":"https:\/\/cosmeticshop.com.co\/?product=crema-contorno-de-ojos-y-labios-efecto-lifting-y-antiflacidez"},"modified":"2026-04-14T17:09:25","modified_gmt":"2026-04-14T17:09:25","slug":"crema-contorno-de-ojos-y-labios-efecto-lifting-y-antiflacidez","status":"publish","type":"product","link":"https:\/\/cosmeticshop.com.co\/?product=crema-contorno-de-ojos-y-labios-efecto-lifting-y-antiflacidez","title":{"rendered":"Crema Contorno de Ojos y Labios Efecto Lifting"},"content":{"rendered":"<p>Su f\u00f3rmula con \u00e1cido hialur\u00f3nico ayuda a hidratar profundamente y generar un efecto relleno que suaviza l\u00edneas de expresi\u00f3n y arrugas en ojos y labios. Su textura de r\u00e1pida absorci\u00f3n mejora la firmeza y aporta un aspecto m\u00e1s juvenil.<\/p>\n<p>Beneficios:<br \/>\n\u2022 Ayuda a reducir arrugas y l\u00edneas de expresi\u00f3n<br \/>\n\u2022 Efecto lifting y reafirmante<br \/>\n\u2022 Mejora la firmeza y elasticidad<br \/>\n\u2022 Hidrata profundamente la zona<br \/>\n\u2022 Aporta volumen al contorno de labios<br \/>\n\u2022 Deja la piel m\u00e1s suave y rejuvenecida<\/p>\n<p>Gracias a su acci\u00f3n antiedad, redefine el contorno de ojos y labios, dejando una apariencia m\u00e1s tersa, luminosa y descansada.<\/p>\n","protected":false},"excerpt":{"rendered":"<p>Crema para contorno de ojos y labios con efecto lifting que hidrata, suaviza arrugas y mejora la firmeza de la piel.<\/p>\n","protected":false},"featured_media":1442,"template":"","meta":{"_joinchat":[]},"product_brand":[141],"product_cat":[58],"product_tag":[],"class_list":{"0":"post-1472","1":"product","2":"type-product","3":"status-publish","4":"has-post-thumbnail","6":"product_brand-dermolab","7":"product_cat-preparacion","9":"first","10":"instock","11":"shipping-taxable","12":"purchasable","13":"product-type-simple"},"_links":{"self":[{"href":"https:\/\/cosmeticshop.com.co\/index.php?rest_route=\/wp\/v2\/product\/1472","targetHints":{"allow":["GET"]}}],"collection":[{"href":"https:\/\/cosmeticshop.com.co\/index.php?rest_route=\/wp\/v2\/product"}],"about":[{"href":"https:\/\/cosmeticshop.com.co\/index.php?rest_route=\/wp\/v2\/types\/product"}],"wp:featuredmedia":[{"embeddable":true,"href":"https:\/\/cosmeticshop.com.co\/index.php?rest_route=\/wp\/v2\/media\/1442"}],"wp:attachment":[{"href":"https:\/\/cosmeticshop.com.co\/index.php?rest_route=%2Fwp%2Fv2%2Fmedia&parent=1472"}],"wp:term":[{"taxonomy":"product_brand","embeddable":true,"href":"https:\/\/cosmeticshop.com.co\/index.php?rest_route=%2Fwp%2Fv2%2Fproduct_brand&post=1472"},{"taxonomy":"product_cat","embeddable":true,"href":"https:\/\/cosmeticshop.com.co\/index.php?rest_route=%2Fwp%2Fv2%2Fproduct_cat&post=1472"},{"taxonomy":"product_tag","embeddable":true,"href":"https:\/\/cosmeticshop.com.co\/index.php?rest_route=%2Fwp%2Fv2%2Fproduct_tag&post=1472"}],"curies":[{"name":"wp","href":"https:\/\/api.w.org\/{rel}","templated":true}]}}