{"id":1471,"date":"2026-03-24T17:47:44","date_gmt":"2026-03-24T17:47:44","guid":{"rendered":"https:\/\/cosmeticshop.com.co\/?product=ampollas-faciales-redensificantes-antiedad"},"modified":"2026-03-24T17:49:03","modified_gmt":"2026-03-24T17:49:03","slug":"ampollas-faciales-redensificantes-antiedad","status":"publish","type":"product","link":"https:\/\/cosmeticshop.com.co\/?product=ampollas-faciales-redensificantes-antiedad","title":{"rendered":"Ampollas Faciales Redensificantes Antiedad"},"content":{"rendered":"<p>Tratamiento intensivo en ampollas con \u00e1cido hialur\u00f3nico que ayuda a redensificar la piel, mejorar la elasticidad y combatir los signos visibles del envejecimiento. Su formato por unidades conserva la m\u00e1xima concentraci\u00f3n de activos, potenciando resultados visibles desde las primeras aplicaciones.<\/p>\n<p>Beneficios:<br \/>\n\u2022 Ayuda a rellenar y suavizar l\u00edneas de expresi\u00f3n<br \/>\n\u2022 Mejora la firmeza y elasticidad de la piel<br \/>\n\u2022 Hidrataci\u00f3n profunda y efecto revitalizante<br \/>\n\u2022 Aporta volumen y luminosidad al rostro<br \/>\n\u2022 Tratamiento intensivo de r\u00e1pida acci\u00f3n<br \/>\n\u2022 Ideal como rutina de choque o uso semanal<\/p>\n<p>Gracias a su alta concentraci\u00f3n de activos, act\u00faa como un tratamiento de efecto inmediato y progresivo, dejando la piel m\u00e1s tersa, firme y rejuvenecida. Ideal para usar como tratamiento de 7 d\u00edas (1 ampolla por aplicaci\u00f3n) o en momentos donde la piel necesita un extra de cuidado y recuperaci\u00f3n.<\/p>\n","protected":false},"excerpt":{"rendered":"<p>Ampollas faciales antiedad que ayudan a redensificar, hidratar y mejorar la firmeza de la piel con efecto rejuvenecedor intensivo.<\/p>\n","protected":false},"featured_media":1441,"template":"","meta":{"_joinchat":[]},"product_brand":[141],"product_cat":[59],"product_tag":[],"class_list":{"0":"post-1471","1":"product","2":"type-product","3":"status-publish","4":"has-post-thumbnail","6":"product_brand-dermolab","7":"product_cat-tratamiento-cuidado-facial","9":"first","10":"instock","11":"shipping-taxable","12":"purchasable","13":"product-type-simple"},"_links":{"self":[{"href":"https:\/\/cosmeticshop.com.co\/index.php?rest_route=\/wp\/v2\/product\/1471","targetHints":{"allow":["GET"]}}],"collection":[{"href":"https:\/\/cosmeticshop.com.co\/index.php?rest_route=\/wp\/v2\/product"}],"about":[{"href":"https:\/\/cosmeticshop.com.co\/index.php?rest_route=\/wp\/v2\/types\/product"}],"wp:featuredmedia":[{"embeddable":true,"href":"https:\/\/cosmeticshop.com.co\/index.php?rest_route=\/wp\/v2\/media\/1441"}],"wp:attachment":[{"href":"https:\/\/cosmeticshop.com.co\/index.php?rest_route=%2Fwp%2Fv2%2Fmedia&parent=1471"}],"wp:term":[{"taxonomy":"product_brand","embeddable":true,"href":"https:\/\/cosmeticshop.com.co\/index.php?rest_route=%2Fwp%2Fv2%2Fproduct_brand&post=1471"},{"taxonomy":"product_cat","embeddable":true,"href":"https:\/\/cosmeticshop.com.co\/index.php?rest_route=%2Fwp%2Fv2%2Fproduct_cat&post=1471"},{"taxonomy":"product_tag","embeddable":true,"href":"https:\/\/cosmeticshop.com.co\/index.php?rest_route=%2Fwp%2Fv2%2Fproduct_tag&post=1471"}],"curies":[{"name":"wp","href":"https:\/\/api.w.org\/{rel}","templated":true}]}}