{"id":1425,"date":"2026-03-24T15:49:01","date_gmt":"2026-03-24T15:49:01","guid":{"rendered":"https:\/\/cosmeticshop.com.co\/?product=nail-cleanser"},"modified":"2026-03-24T15:49:37","modified_gmt":"2026-03-24T15:49:37","slug":"nail-cleanser","status":"publish","type":"product","link":"https:\/\/cosmeticshop.com.co\/?product=nail-cleanser","title":{"rendered":"Nail Cleanser"},"content":{"rendered":"<p>Consigue una preparaci\u00f3n perfecta en tus u\u00f1as con este nail cleanser, ideal para limpiar la superficie y mejorar la adherencia de los productos aplicados.<\/p>\n<p>Beneficios:<br \/>\n\u2022 Elimina grasa e impurezas de la u\u00f1a<br \/>\n\u2022 Retira residuos de polvo despu\u00e9s del limado<br \/>\n\u2022 Limpia la capa pegajosa del gel o acr\u00edlico<br \/>\n\u2022 Mejora la adherencia de los productos<br \/>\n\u2022 Deja la u\u00f1a lista para un acabado profesional<br \/>\n\u2022 Ideal para uso en sistemas acr\u00edlicos y gel<\/p>\n<p>Ayuda a remover la capa pegajosa y residuos que quedan despu\u00e9s de trabajar con sistemas de u\u00f1as, permitiendo un resultado m\u00e1s limpio y duradero.<\/p>\n","protected":false},"excerpt":{"rendered":"<p>Nail cleanser que limpia, desengrasa y elimina residuos para un acabado profesional en u\u00f1as.<\/p>\n","protected":false},"featured_media":1407,"template":"","meta":{"_joinchat":[]},"product_brand":[136],"product_cat":[137],"product_tag":[],"class_list":{"0":"post-1425","1":"product","2":"type-product","3":"status-publish","4":"has-post-thumbnail","6":"product_brand-glimmer","7":"product_cat-tratamiento-unas","9":"first","10":"instock","11":"shipping-taxable","12":"purchasable","13":"product-type-simple"},"_links":{"self":[{"href":"https:\/\/cosmeticshop.com.co\/index.php?rest_route=\/wp\/v2\/product\/1425","targetHints":{"allow":["GET"]}}],"collection":[{"href":"https:\/\/cosmeticshop.com.co\/index.php?rest_route=\/wp\/v2\/product"}],"about":[{"href":"https:\/\/cosmeticshop.com.co\/index.php?rest_route=\/wp\/v2\/types\/product"}],"wp:featuredmedia":[{"embeddable":true,"href":"https:\/\/cosmeticshop.com.co\/index.php?rest_route=\/wp\/v2\/media\/1407"}],"wp:attachment":[{"href":"https:\/\/cosmeticshop.com.co\/index.php?rest_route=%2Fwp%2Fv2%2Fmedia&parent=1425"}],"wp:term":[{"taxonomy":"product_brand","embeddable":true,"href":"https:\/\/cosmeticshop.com.co\/index.php?rest_route=%2Fwp%2Fv2%2Fproduct_brand&post=1425"},{"taxonomy":"product_cat","embeddable":true,"href":"https:\/\/cosmeticshop.com.co\/index.php?rest_route=%2Fwp%2Fv2%2Fproduct_cat&post=1425"},{"taxonomy":"product_tag","embeddable":true,"href":"https:\/\/cosmeticshop.com.co\/index.php?rest_route=%2Fwp%2Fv2%2Fproduct_tag&post=1425"}],"curies":[{"name":"wp","href":"https:\/\/api.w.org\/{rel}","templated":true}]}}