{"id":1418,"date":"2026-03-24T15:49:01","date_gmt":"2026-03-24T15:49:01","guid":{"rendered":"https:\/\/cosmeticshop.com.co\/?product=base-tratamiento"},"modified":"2026-03-24T15:50:28","modified_gmt":"2026-03-24T15:50:28","slug":"base-tratamiento","status":"publish","type":"product","link":"https:\/\/cosmeticshop.com.co\/?product=base-tratamiento","title":{"rendered":"Base Tratamiento"},"content":{"rendered":"<p>Logra u\u00f1as m\u00e1s fuertes, sanas y con brillo natural con esta base tratamiento dise\u00f1ada para proteger y mejorar su apariencia desde la primera aplicaci\u00f3n.<\/p>\n<p>Beneficios:<br \/>\n\u2022 Fortalece y endurece u\u00f1as d\u00e9biles o quebradizas<br \/>\n\u2022 Estimula el crecimiento saludable<br \/>\n\u2022 Ayuda a prevenir estr\u00edas, escamas y quiebres<br \/>\n\u2022 Aporta brillo tipo diamante<br \/>\n\u2022 Protege la u\u00f1a con una capa resistente<br \/>\n\u2022 Mejora la apariencia general de las u\u00f1as<\/p>\n<p>Enriquecida con prote\u00ednas de seda, keratina, biotina, calcio y vitamina B5, ayuda a nutrir profundamente y fortalecer la estructura de la u\u00f1a. Sus micro part\u00edculas brillantes crean una pel\u00edcula protectora que aporta dureza y un acabado luminoso, dejando tus u\u00f1as m\u00e1s resistentes, uniformes y saludables.<\/p>\n","protected":false},"excerpt":{"rendered":"<p>Base tratamiento fortalecedora que protege, endurece y estimula el crecimiento de las u\u00f1as.<\/p>\n","protected":false},"featured_media":1399,"template":"","meta":{"_joinchat":[]},"product_brand":[136],"product_cat":[137],"product_tag":[],"class_list":{"0":"post-1418","1":"product","2":"type-product","3":"status-publish","4":"has-post-thumbnail","6":"product_brand-glimmer","7":"product_cat-tratamiento-unas","9":"first","10":"instock","11":"shipping-taxable","12":"purchasable","13":"product-type-simple"},"_links":{"self":[{"href":"https:\/\/cosmeticshop.com.co\/index.php?rest_route=\/wp\/v2\/product\/1418","targetHints":{"allow":["GET"]}}],"collection":[{"href":"https:\/\/cosmeticshop.com.co\/index.php?rest_route=\/wp\/v2\/product"}],"about":[{"href":"https:\/\/cosmeticshop.com.co\/index.php?rest_route=\/wp\/v2\/types\/product"}],"wp:featuredmedia":[{"embeddable":true,"href":"https:\/\/cosmeticshop.com.co\/index.php?rest_route=\/wp\/v2\/media\/1399"}],"wp:attachment":[{"href":"https:\/\/cosmeticshop.com.co\/index.php?rest_route=%2Fwp%2Fv2%2Fmedia&parent=1418"}],"wp:term":[{"taxonomy":"product_brand","embeddable":true,"href":"https:\/\/cosmeticshop.com.co\/index.php?rest_route=%2Fwp%2Fv2%2Fproduct_brand&post=1418"},{"taxonomy":"product_cat","embeddable":true,"href":"https:\/\/cosmeticshop.com.co\/index.php?rest_route=%2Fwp%2Fv2%2Fproduct_cat&post=1418"},{"taxonomy":"product_tag","embeddable":true,"href":"https:\/\/cosmeticshop.com.co\/index.php?rest_route=%2Fwp%2Fv2%2Fproduct_tag&post=1418"}],"curies":[{"name":"wp","href":"https:\/\/api.w.org\/{rel}","templated":true}]}}