{"id":1274,"date":"2026-03-23T21:46:18","date_gmt":"2026-03-23T21:46:18","guid":{"rendered":"https:\/\/cosmeticshop.com.co\/?post_type=product&#038;p=1274"},"modified":"2026-04-05T16:54:44","modified_gmt":"2026-04-05T16:54:44","slug":"crema-corporal","status":"publish","type":"product","link":"https:\/\/cosmeticshop.com.co\/?product=crema-corporal","title":{"rendered":"Crema Corporal"},"content":{"rendered":"<p data-start=\"199\" data-end=\"484\">Su f\u00f3rmula rica en agentes hidratantes ayuda a restaurar la suavidad natural de la piel, proporcionando una sensaci\u00f3n de confort y frescura durante todo el d\u00eda.<\/p>\n<p data-start=\"199\" data-end=\"484\">Beneficios:<br data-start=\"501\" data-end=\"504\" \/>\u2022 Hidrata profundamente la piel<br data-start=\"535\" data-end=\"538\" \/>\u2022 Ayuda a mantener la elasticidad y suavidad<br data-start=\"582\" data-end=\"585\" \/>\u2022 Mejora la textura de la piel<br data-start=\"615\" data-end=\"618\" \/>\u2022 Nutre y protege contra la resequedad<br data-start=\"656\" data-end=\"659\" \/>\u2022 De r\u00e1pida absorci\u00f3n, sin sensaci\u00f3n grasosa<br data-start=\"703\" data-end=\"706\" \/>\u2022 Ideal para uso diario en todo tipo de piel<\/p>\n<p data-start=\"754\" data-end=\"877\">Gracias a su textura ligera y cremosa, se absorbe f\u00e1cilmente dejando la piel suave, humectada y con un acabado saludable.<\/p>\n","protected":false},"excerpt":{"rendered":"<p data-start=\"77\" data-end=\"192\">Crema corporal nutritiva que hidrata profundamente, suaviza la piel y mejora su apariencia.<\/p>\n","protected":false},"featured_media":1270,"template":"","meta":{"_joinchat":[]},"product_brand":[86],"product_cat":[69,71],"product_tag":[],"class_list":{"0":"post-1274","1":"product","2":"type-product","3":"status-publish","4":"has-post-thumbnail","6":"product_brand-deli-bodi","7":"product_cat-cuidado-corporal","8":"product_cat-hidratacion-profunda","10":"first","11":"instock","12":"shipping-taxable","13":"purchasable","14":"product-type-variable"},"_links":{"self":[{"href":"https:\/\/cosmeticshop.com.co\/index.php?rest_route=\/wp\/v2\/product\/1274","targetHints":{"allow":["GET"]}}],"collection":[{"href":"https:\/\/cosmeticshop.com.co\/index.php?rest_route=\/wp\/v2\/product"}],"about":[{"href":"https:\/\/cosmeticshop.com.co\/index.php?rest_route=\/wp\/v2\/types\/product"}],"wp:featuredmedia":[{"embeddable":true,"href":"https:\/\/cosmeticshop.com.co\/index.php?rest_route=\/wp\/v2\/media\/1270"}],"wp:attachment":[{"href":"https:\/\/cosmeticshop.com.co\/index.php?rest_route=%2Fwp%2Fv2%2Fmedia&parent=1274"}],"wp:term":[{"taxonomy":"product_brand","embeddable":true,"href":"https:\/\/cosmeticshop.com.co\/index.php?rest_route=%2Fwp%2Fv2%2Fproduct_brand&post=1274"},{"taxonomy":"product_cat","embeddable":true,"href":"https:\/\/cosmeticshop.com.co\/index.php?rest_route=%2Fwp%2Fv2%2Fproduct_cat&post=1274"},{"taxonomy":"product_tag","embeddable":true,"href":"https:\/\/cosmeticshop.com.co\/index.php?rest_route=%2Fwp%2Fv2%2Fproduct_tag&post=1274"}],"curies":[{"name":"wp","href":"https:\/\/api.w.org\/{rel}","templated":true}]}}