{"id":1206,"date":"2026-03-23T17:21:28","date_gmt":"2026-03-23T17:21:28","guid":{"rendered":"https:\/\/cosmeticshop.com.co\/?post_type=product&#038;p=1206"},"modified":"2026-03-23T17:21:28","modified_gmt":"2026-03-23T17:21:28","slug":"crema-con-aceite-de-rosa-mosqueta","status":"publish","type":"product","link":"https:\/\/cosmeticshop.com.co\/?product=crema-con-aceite-de-rosa-mosqueta","title":{"rendered":"Crema Con Aceite De Rosa Mosqueta"},"content":{"rendered":"<p data-start=\"215\" data-end=\"428\">Su f\u00f3rmula con aceite de rosa mosqueta, arg\u00e1n y antioxidantes ayuda a nutrir la piel mientras mejora su textura, dej\u00e1ndola m\u00e1s suave, luminosa y saludable.<\/p>\n<p data-start=\"430\" data-end=\"766\"><strong data-start=\"430\" data-end=\"445\">Beneficios:<\/strong><br data-start=\"445\" data-end=\"448\" \/>\u2022 Hidrata sin dejar sensaci\u00f3n grasosa<br data-start=\"485\" data-end=\"488\" \/>\u2022 Ayuda a prevenir signos de envejecimiento<br data-start=\"531\" data-end=\"534\" \/>\u2022 Mejora la apariencia de manchas y cicatrices<br data-start=\"580\" data-end=\"583\" \/>\u2022 Aporta suavidad y elasticidad a la piel<br data-start=\"624\" data-end=\"627\" \/>\u2022 Acci\u00f3n antioxidante que protege frente a factores externos<br data-start=\"687\" data-end=\"690\" \/>\u2022 Textura ligera de r\u00e1pida absorci\u00f3n<\/p>\n<p data-start=\"768\" data-end=\"915\">Gracias a su combinaci\u00f3n de activos nutritivos, contribuye a mantener la piel m\u00e1s uniforme, hidratada y con un aspecto rejuvenecido d\u00eda tras d\u00eda.<\/p>\n","protected":false},"excerpt":{"rendered":"<p>Crema con rosa mosqueta que hidrata, regenera y mejora la apariencia de la piel.<\/p>\n","protected":false},"featured_media":1064,"template":"","meta":{"_joinchat":[]},"product_brand":[85],"product_cat":[22,58],"product_tag":[],"class_list":{"0":"post-1206","1":"product","2":"type-product","3":"status-publish","4":"has-post-thumbnail","6":"product_brand-organicare","7":"product_cat-cuidado-facial","8":"product_cat-preparacion","10":"first","11":"outofstock","12":"shipping-taxable","13":"purchasable","14":"product-type-simple"},"_links":{"self":[{"href":"https:\/\/cosmeticshop.com.co\/index.php?rest_route=\/wp\/v2\/product\/1206","targetHints":{"allow":["GET"]}}],"collection":[{"href":"https:\/\/cosmeticshop.com.co\/index.php?rest_route=\/wp\/v2\/product"}],"about":[{"href":"https:\/\/cosmeticshop.com.co\/index.php?rest_route=\/wp\/v2\/types\/product"}],"wp:featuredmedia":[{"embeddable":true,"href":"https:\/\/cosmeticshop.com.co\/index.php?rest_route=\/wp\/v2\/media\/1064"}],"wp:attachment":[{"href":"https:\/\/cosmeticshop.com.co\/index.php?rest_route=%2Fwp%2Fv2%2Fmedia&parent=1206"}],"wp:term":[{"taxonomy":"product_brand","embeddable":true,"href":"https:\/\/cosmeticshop.com.co\/index.php?rest_route=%2Fwp%2Fv2%2Fproduct_brand&post=1206"},{"taxonomy":"product_cat","embeddable":true,"href":"https:\/\/cosmeticshop.com.co\/index.php?rest_route=%2Fwp%2Fv2%2Fproduct_cat&post=1206"},{"taxonomy":"product_tag","embeddable":true,"href":"https:\/\/cosmeticshop.com.co\/index.php?rest_route=%2Fwp%2Fv2%2Fproduct_tag&post=1206"}],"curies":[{"name":"wp","href":"https:\/\/api.w.org\/{rel}","templated":true}]}}