{"id":1202,"date":"2026-03-23T16:59:42","date_gmt":"2026-03-23T16:59:42","guid":{"rendered":"https:\/\/cosmeticshop.com.co\/?product=espuma-limpiadora"},"modified":"2026-03-23T19:56:08","modified_gmt":"2026-03-23T19:56:08","slug":"espuma-limpiadora","status":"publish","type":"product","link":"https:\/\/cosmeticshop.com.co\/?product=espuma-limpiadora","title":{"rendered":"Espuma Limpiadora"},"content":{"rendered":"<p>Su f\u00f3rmula suave libre de sulfatos limpia profundamente la piel mientras ayuda a controlar el exceso de grasa y mantener el equilibrio natural del rostro.<\/p>\n<p>Beneficios:<br \/>\n\u2022 Limpia profundamente y elimina impurezas<br \/>\n\u2022 Ayuda a regular el exceso de grasa<br \/>\n\u2022 Calma y reduce irritaciones en la piel<br \/>\n\u2022 Mantiene la hidrataci\u00f3n sin resecar<br \/>\n\u2022 Mejora el equilibrio natural del rostro<br \/>\n\u2022 Ideal para piel mixta a grasa<\/p>\n<p>Enriquecida con extracto de \u00e1rbol de t\u00e9, extracto de sauce (BHA) y centella asi\u00e1tica, que ayudan a purificar, calmar y mejorar la apariencia de la piel.<\/p>\n","protected":false},"excerpt":{"rendered":"<p>Espuma limpiadora facial que purifica, equilibra y calma la piel sin resecar.<\/p>\n","protected":false},"featured_media":1116,"template":"","meta":{"_joinchat":[]},"product_brand":[85],"product_cat":[22,59],"product_tag":[],"class_list":{"0":"post-1202","1":"product","2":"type-product","3":"status-publish","4":"has-post-thumbnail","6":"product_brand-organicare","7":"product_cat-cuidado-facial","8":"product_cat-tratamiento-cuidado-facial","10":"first","11":"instock","12":"shipping-taxable","13":"purchasable","14":"product-type-simple"},"_links":{"self":[{"href":"https:\/\/cosmeticshop.com.co\/index.php?rest_route=\/wp\/v2\/product\/1202","targetHints":{"allow":["GET"]}}],"collection":[{"href":"https:\/\/cosmeticshop.com.co\/index.php?rest_route=\/wp\/v2\/product"}],"about":[{"href":"https:\/\/cosmeticshop.com.co\/index.php?rest_route=\/wp\/v2\/types\/product"}],"wp:featuredmedia":[{"embeddable":true,"href":"https:\/\/cosmeticshop.com.co\/index.php?rest_route=\/wp\/v2\/media\/1116"}],"wp:attachment":[{"href":"https:\/\/cosmeticshop.com.co\/index.php?rest_route=%2Fwp%2Fv2%2Fmedia&parent=1202"}],"wp:term":[{"taxonomy":"product_brand","embeddable":true,"href":"https:\/\/cosmeticshop.com.co\/index.php?rest_route=%2Fwp%2Fv2%2Fproduct_brand&post=1202"},{"taxonomy":"product_cat","embeddable":true,"href":"https:\/\/cosmeticshop.com.co\/index.php?rest_route=%2Fwp%2Fv2%2Fproduct_cat&post=1202"},{"taxonomy":"product_tag","embeddable":true,"href":"https:\/\/cosmeticshop.com.co\/index.php?rest_route=%2Fwp%2Fv2%2Fproduct_tag&post=1202"}],"curies":[{"name":"wp","href":"https:\/\/api.w.org\/{rel}","templated":true}]}}