{"id":1198,"date":"2026-03-23T16:59:41","date_gmt":"2026-03-23T16:59:41","guid":{"rendered":"https:\/\/cosmeticshop.com.co\/?product=serum-oleo-facial"},"modified":"2026-03-23T19:57:07","modified_gmt":"2026-03-23T19:57:07","slug":"serum-oleo-facial","status":"publish","type":"product","link":"https:\/\/cosmeticshop.com.co\/?product=serum-oleo-facial","title":{"rendered":"S\u00e9rum Oleo Facial"},"content":{"rendered":"<p>Su f\u00f3rmula con col\u00e1geno y extracto de semilla de uva ayuda a mantener la hidrataci\u00f3n de la piel, mientras protege frente a los signos del envejecimiento y factores externos.<\/p>\n<p>Beneficios:<br \/>\n\u2022 Mantiene la hidrataci\u00f3n natural de la piel<br \/>\n\u2022 Mejora la suavidad y textura del rostro<br \/>\n\u2022 Ayuda a prevenir el fotoenvejecimiento<br \/>\n\u2022 Acci\u00f3n antioxidante que combate radicales libres<br \/>\n\u2022 Contiene filtro UV que protege la piel<br \/>\n\u2022 Deja una sensaci\u00f3n ligera sin exceso de grasa<\/p>\n<p>Gracias a su combinaci\u00f3n de activos, nutre profundamente sin dejar sensaci\u00f3n pesada, aportando un acabado suave, luminoso y saludable.<\/p>\n<p>Ideal para incluir en tu rutina diaria y lograr una piel m\u00e1s hidratada, protegida y con mejor apariencia.<\/p>\n","protected":false},"excerpt":{"rendered":"<p>S\u00e9rum de niacinamida que controla la grasa, unifica el tono y mejora la textura de la piel.<\/p>\n","protected":false},"featured_media":1104,"template":"","meta":{"_joinchat":[]},"product_brand":[85],"product_cat":[22,59],"product_tag":[],"class_list":{"0":"post-1198","1":"product","2":"type-product","3":"status-publish","4":"has-post-thumbnail","6":"product_brand-organicare","7":"product_cat-cuidado-facial","8":"product_cat-tratamiento-cuidado-facial","10":"first","11":"instock","12":"shipping-taxable","13":"purchasable","14":"product-type-simple"},"_links":{"self":[{"href":"https:\/\/cosmeticshop.com.co\/index.php?rest_route=\/wp\/v2\/product\/1198","targetHints":{"allow":["GET"]}}],"collection":[{"href":"https:\/\/cosmeticshop.com.co\/index.php?rest_route=\/wp\/v2\/product"}],"about":[{"href":"https:\/\/cosmeticshop.com.co\/index.php?rest_route=\/wp\/v2\/types\/product"}],"wp:featuredmedia":[{"embeddable":true,"href":"https:\/\/cosmeticshop.com.co\/index.php?rest_route=\/wp\/v2\/media\/1104"}],"wp:attachment":[{"href":"https:\/\/cosmeticshop.com.co\/index.php?rest_route=%2Fwp%2Fv2%2Fmedia&parent=1198"}],"wp:term":[{"taxonomy":"product_brand","embeddable":true,"href":"https:\/\/cosmeticshop.com.co\/index.php?rest_route=%2Fwp%2Fv2%2Fproduct_brand&post=1198"},{"taxonomy":"product_cat","embeddable":true,"href":"https:\/\/cosmeticshop.com.co\/index.php?rest_route=%2Fwp%2Fv2%2Fproduct_cat&post=1198"},{"taxonomy":"product_tag","embeddable":true,"href":"https:\/\/cosmeticshop.com.co\/index.php?rest_route=%2Fwp%2Fv2%2Fproduct_tag&post=1198"}],"curies":[{"name":"wp","href":"https:\/\/api.w.org\/{rel}","templated":true}]}}