{"id":1196,"date":"2026-03-23T16:59:41","date_gmt":"2026-03-23T16:59:41","guid":{"rendered":"https:\/\/cosmeticshop.com.co\/?product=serum-antiarrugas"},"modified":"2026-03-23T17:11:50","modified_gmt":"2026-03-23T17:11:50","slug":"serum-antiarrugas","status":"publish","type":"product","link":"https:\/\/cosmeticshop.com.co\/?product=serum-antiarrugas","title":{"rendered":"S\u00e9rum Antiarrugas"},"content":{"rendered":"<p>Su f\u00f3rmula con vitamina C y alta concentraci\u00f3n de activos ayuda a mejorar la apariencia de la piel, aportando luminosidad y actuando sobre los signos del envejecimiento.<\/p>\n<p>Beneficios:<br \/>\n\u2022 Ayuda a reducir la apariencia de arrugas y l\u00edneas de expresi\u00f3n<br \/>\n\u2022 Ilumina y energiza la piel<br \/>\n\u2022 Mejora la textura y uniformidad del rostro<br \/>\n\u2022 Contribuye a disminuir manchas<br \/>\n\u2022 Acci\u00f3n antioxidante que protege frente a rayos UV<br \/>\n\u2022 Absorci\u00f3n r\u00e1pida sin sensaci\u00f3n grasosa<\/p>\n<p>Su textura ligera penetra en las capas profundas de la piel, dejando un acabado suave, luminoso y saludable. Ideal para incluir en tu rutina diaria y potenciar una piel m\u00e1s joven y revitalizada.<\/p>\n","protected":false},"excerpt":{"rendered":"<p>S\u00e9rum antiarrugas con vitamina C que ilumina, mejora la textura y combate signos de la edad.<\/p>\n","protected":false},"featured_media":1098,"template":"","meta":{"_joinchat":[]},"product_brand":[85],"product_cat":[22,59],"product_tag":[],"class_list":{"0":"post-1196","1":"product","2":"type-product","3":"status-publish","4":"has-post-thumbnail","6":"product_brand-organicare","7":"product_cat-cuidado-facial","8":"product_cat-tratamiento-cuidado-facial","10":"first","11":"instock","12":"shipping-taxable","13":"purchasable","14":"product-type-simple"},"_links":{"self":[{"href":"https:\/\/cosmeticshop.com.co\/index.php?rest_route=\/wp\/v2\/product\/1196","targetHints":{"allow":["GET"]}}],"collection":[{"href":"https:\/\/cosmeticshop.com.co\/index.php?rest_route=\/wp\/v2\/product"}],"about":[{"href":"https:\/\/cosmeticshop.com.co\/index.php?rest_route=\/wp\/v2\/types\/product"}],"wp:featuredmedia":[{"embeddable":true,"href":"https:\/\/cosmeticshop.com.co\/index.php?rest_route=\/wp\/v2\/media\/1098"}],"wp:attachment":[{"href":"https:\/\/cosmeticshop.com.co\/index.php?rest_route=%2Fwp%2Fv2%2Fmedia&parent=1196"}],"wp:term":[{"taxonomy":"product_brand","embeddable":true,"href":"https:\/\/cosmeticshop.com.co\/index.php?rest_route=%2Fwp%2Fv2%2Fproduct_brand&post=1196"},{"taxonomy":"product_cat","embeddable":true,"href":"https:\/\/cosmeticshop.com.co\/index.php?rest_route=%2Fwp%2Fv2%2Fproduct_cat&post=1196"},{"taxonomy":"product_tag","embeddable":true,"href":"https:\/\/cosmeticshop.com.co\/index.php?rest_route=%2Fwp%2Fv2%2Fproduct_tag&post=1196"}],"curies":[{"name":"wp","href":"https:\/\/api.w.org\/{rel}","templated":true}]}}