{"id":1195,"date":"2026-03-23T16:59:41","date_gmt":"2026-03-23T16:59:41","guid":{"rendered":"https:\/\/cosmeticshop.com.co\/?product=reafirmante-cuello-brazos"},"modified":"2026-04-06T22:12:08","modified_gmt":"2026-04-06T22:12:08","slug":"reafirmante-cuello-brazos","status":"publish","type":"product","link":"https:\/\/cosmeticshop.com.co\/?product=reafirmante-cuello-brazos","title":{"rendered":"Reafirmante Cuello &#038; Brazos"},"content":{"rendered":"<p>Su f\u00f3rmula con activos naturales, aceites nutritivos y p\u00e9ptidos ayuda a mejorar la firmeza y elasticidad de la piel, dejando una apariencia m\u00e1s tonificada y saludable.<\/p>\n<p>Beneficios:<br \/>\n\u2022 Mejora la firmeza y elasticidad de la piel<br \/>\n\u2022 Estimula la producci\u00f3n de col\u00e1geno<br \/>\n\u2022 Hidrata y nutre profundamente<br \/>\n\u2022 Ayuda a reparar y regenerar los tejidos<br \/>\n\u2022 Acci\u00f3n antioxidante que previene el envejecimiento<br \/>\n\u2022 Deja la piel m\u00e1s suave, tersa y revitalizada<\/p>\n<p>Enriquecido con aceites de oliva, kahai y jojoba, junto con extractos naturales y p\u00e9ptidos que ayudan a fortalecer la piel y mejorar su apariencia en zonas como cuello y brazos.<\/p>\n","protected":false},"excerpt":{"rendered":"<p>Reafirmante para cuello y brazos que mejora la elasticidad, hidrata y tonifica la piel.<\/p>\n","protected":false},"featured_media":1095,"template":"","meta":{"_joinchat":[]},"product_brand":[85],"product_cat":[69,71],"product_tag":[],"class_list":{"0":"post-1195","1":"product","2":"type-product","3":"status-publish","4":"has-post-thumbnail","6":"product_brand-organicare","7":"product_cat-cuidado-corporal","8":"product_cat-hidratacion-profunda","10":"first","11":"instock","12":"shipping-taxable","13":"purchasable","14":"product-type-simple"},"_links":{"self":[{"href":"https:\/\/cosmeticshop.com.co\/index.php?rest_route=\/wp\/v2\/product\/1195","targetHints":{"allow":["GET"]}}],"collection":[{"href":"https:\/\/cosmeticshop.com.co\/index.php?rest_route=\/wp\/v2\/product"}],"about":[{"href":"https:\/\/cosmeticshop.com.co\/index.php?rest_route=\/wp\/v2\/types\/product"}],"wp:featuredmedia":[{"embeddable":true,"href":"https:\/\/cosmeticshop.com.co\/index.php?rest_route=\/wp\/v2\/media\/1095"}],"wp:attachment":[{"href":"https:\/\/cosmeticshop.com.co\/index.php?rest_route=%2Fwp%2Fv2%2Fmedia&parent=1195"}],"wp:term":[{"taxonomy":"product_brand","embeddable":true,"href":"https:\/\/cosmeticshop.com.co\/index.php?rest_route=%2Fwp%2Fv2%2Fproduct_brand&post=1195"},{"taxonomy":"product_cat","embeddable":true,"href":"https:\/\/cosmeticshop.com.co\/index.php?rest_route=%2Fwp%2Fv2%2Fproduct_cat&post=1195"},{"taxonomy":"product_tag","embeddable":true,"href":"https:\/\/cosmeticshop.com.co\/index.php?rest_route=%2Fwp%2Fv2%2Fproduct_tag&post=1195"}],"curies":[{"name":"wp","href":"https:\/\/api.w.org\/{rel}","templated":true}]}}