{"id":1194,"date":"2026-03-23T16:59:41","date_gmt":"2026-03-23T16:59:41","guid":{"rendered":"https:\/\/cosmeticshop.com.co\/?product=primer-setting-spray"},"modified":"2026-03-23T17:13:41","modified_gmt":"2026-03-23T17:13:41","slug":"primer-setting-spray","status":"publish","type":"product","link":"https:\/\/cosmeticshop.com.co\/?product=primer-setting-spray","title":{"rendered":"Primer &#038; Setting Spray"},"content":{"rendered":"<p>Su f\u00f3rmula multifuncional act\u00faa como primer y fijador, preparando la piel antes del maquillaje y ayudando a mantenerlo intacto por m\u00e1s tiempo, con un acabado fresco y natural.<\/p>\n<p>Beneficios:<br \/>\n\u2022 Funciona como pre y post maquillaje<br \/>\n\u2022 Ayuda a prolongar la duraci\u00f3n del maquillaje<br \/>\n\u2022 Reduce la apariencia de los poros<br \/>\n\u2022 Controla el brillo y deja un acabado uniforme<br \/>\n\u2022 Aporta efecto refrescante y suavizante<br \/>\n\u2022 Mejora la elasticidad e hidrataci\u00f3n de la piel<\/p>\n<p>Enriquecido con extractos bot\u00e1nicos que ayudan a regular la p\u00e9rdida de agua, manteniendo la piel equilibrada, suave y con mejor apariencia durante el d\u00eda.<\/p>\n<p>Ideal para lograr un maquillaje m\u00e1s duradero, natural y con acabado profesional.<\/p>\n","protected":false},"excerpt":{"rendered":"<p>Primer y fijador en spray que suaviza la piel, controla el brillo y prolonga el maquillaje.<\/p>\n","protected":false},"featured_media":1092,"template":"","meta":{"_joinchat":[]},"product_brand":[85],"product_cat":[22,68],"product_tag":[],"class_list":{"0":"post-1194","1":"product","2":"type-product","3":"status-publish","4":"has-post-thumbnail","6":"product_brand-organicare","7":"product_cat-cuidado-facial","8":"product_cat-pre-maquillaje","10":"first","11":"instock","12":"shipping-taxable","13":"purchasable","14":"product-type-simple"},"_links":{"self":[{"href":"https:\/\/cosmeticshop.com.co\/index.php?rest_route=\/wp\/v2\/product\/1194","targetHints":{"allow":["GET"]}}],"collection":[{"href":"https:\/\/cosmeticshop.com.co\/index.php?rest_route=\/wp\/v2\/product"}],"about":[{"href":"https:\/\/cosmeticshop.com.co\/index.php?rest_route=\/wp\/v2\/types\/product"}],"wp:featuredmedia":[{"embeddable":true,"href":"https:\/\/cosmeticshop.com.co\/index.php?rest_route=\/wp\/v2\/media\/1092"}],"wp:attachment":[{"href":"https:\/\/cosmeticshop.com.co\/index.php?rest_route=%2Fwp%2Fv2%2Fmedia&parent=1194"}],"wp:term":[{"taxonomy":"product_brand","embeddable":true,"href":"https:\/\/cosmeticshop.com.co\/index.php?rest_route=%2Fwp%2Fv2%2Fproduct_brand&post=1194"},{"taxonomy":"product_cat","embeddable":true,"href":"https:\/\/cosmeticshop.com.co\/index.php?rest_route=%2Fwp%2Fv2%2Fproduct_cat&post=1194"},{"taxonomy":"product_tag","embeddable":true,"href":"https:\/\/cosmeticshop.com.co\/index.php?rest_route=%2Fwp%2Fv2%2Fproduct_tag&post=1194"}],"curies":[{"name":"wp","href":"https:\/\/api.w.org\/{rel}","templated":true}]}}