{"id":1193,"date":"2026-03-23T16:59:41","date_gmt":"2026-03-23T16:59:41","guid":{"rendered":"https:\/\/cosmeticshop.com.co\/?product=locion-tonica-hidratante"},"modified":"2026-03-23T17:13:32","modified_gmt":"2026-03-23T17:13:32","slug":"locion-tonica-hidratante","status":"publish","type":"product","link":"https:\/\/cosmeticshop.com.co\/?product=locion-tonica-hidratante","title":{"rendered":"Loci\u00f3n T\u00f3nica Hidratante"},"content":{"rendered":"<p>Su f\u00f3rmula con extractos naturales de frutas ayuda a tonificar, refrescar y mejorar la textura de la piel, dej\u00e1ndola m\u00e1s limpia, suave y luminosa.<\/p>\n<p>Beneficios:<br \/>\n\u2022 Revitaliza y refresca la piel al instante<br \/>\n\u2022 Ayuda a eliminar impurezas y residuos<br \/>\n\u2022 Aporta hidrataci\u00f3n y suavidad<br \/>\n\u2022 Mejora la textura y apariencia del rostro<br \/>\n\u2022 Rica en antioxidantes que protegen la piel<br \/>\n\u2022 Contribuye a cerrar poros y mejorar la elasticidad<\/p>\n<p>Enriquecida con extractos de mango, guayaba, uchuva y uva, que ayudan a calmar, regenerar y aportar luminosidad a la piel, dej\u00e1ndola m\u00e1s equilibrada y saludable.<\/p>\n","protected":false},"excerpt":{"rendered":"<p>Loci\u00f3n t\u00f3nica que refresca, hidrata y revitaliza la piel, dej\u00e1ndola limpia y equilibrada.<\/p>\n","protected":false},"featured_media":1084,"template":"","meta":{"_joinchat":[]},"product_brand":[85],"product_cat":[22,68],"product_tag":[],"class_list":{"0":"post-1193","1":"product","2":"type-product","3":"status-publish","4":"has-post-thumbnail","6":"product_brand-organicare","7":"product_cat-cuidado-facial","8":"product_cat-pre-maquillaje","10":"first","11":"instock","12":"shipping-taxable","13":"purchasable","14":"product-type-simple"},"_links":{"self":[{"href":"https:\/\/cosmeticshop.com.co\/index.php?rest_route=\/wp\/v2\/product\/1193","targetHints":{"allow":["GET"]}}],"collection":[{"href":"https:\/\/cosmeticshop.com.co\/index.php?rest_route=\/wp\/v2\/product"}],"about":[{"href":"https:\/\/cosmeticshop.com.co\/index.php?rest_route=\/wp\/v2\/types\/product"}],"wp:featuredmedia":[{"embeddable":true,"href":"https:\/\/cosmeticshop.com.co\/index.php?rest_route=\/wp\/v2\/media\/1084"}],"wp:attachment":[{"href":"https:\/\/cosmeticshop.com.co\/index.php?rest_route=%2Fwp%2Fv2%2Fmedia&parent=1193"}],"wp:term":[{"taxonomy":"product_brand","embeddable":true,"href":"https:\/\/cosmeticshop.com.co\/index.php?rest_route=%2Fwp%2Fv2%2Fproduct_brand&post=1193"},{"taxonomy":"product_cat","embeddable":true,"href":"https:\/\/cosmeticshop.com.co\/index.php?rest_route=%2Fwp%2Fv2%2Fproduct_cat&post=1193"},{"taxonomy":"product_tag","embeddable":true,"href":"https:\/\/cosmeticshop.com.co\/index.php?rest_route=%2Fwp%2Fv2%2Fproduct_tag&post=1193"}],"curies":[{"name":"wp","href":"https:\/\/api.w.org\/{rel}","templated":true}]}}