{"id":1192,"date":"2026-03-23T16:59:41","date_gmt":"2026-03-23T16:59:41","guid":{"rendered":"https:\/\/cosmeticshop.com.co\/?product=green-mask"},"modified":"2026-03-23T17:12:14","modified_gmt":"2026-03-23T17:12:14","slug":"green-mask","status":"publish","type":"product","link":"https:\/\/cosmeticshop.com.co\/?product=green-mask","title":{"rendered":"Green Mask"},"content":{"rendered":"<p>Su f\u00f3rmula con extractos naturales, antioxidantes y \u00e1cidos grasos esenciales ayuda a hidratar, calmar y mejorar visiblemente la apariencia de la piel, aportando una sensaci\u00f3n de alivio y frescura.<\/p>\n<p>Beneficios:<br \/>\n\u2022 Hidrata y suaviza la piel profundamente<br \/>\n\u2022 Ayuda en procesos de regeneraci\u00f3n y cicatrizaci\u00f3n<br \/>\n\u2022 Calma irritaciones y rojeces<br \/>\n\u2022 Rica en antioxidantes que protegen la piel<br \/>\n\u2022 Fortalece la barrera natural cut\u00e1nea<br \/>\n\u2022 Deja la piel m\u00e1s suave, equilibrada y saludable<\/p>\n<p>Gracias a su mezcla de aceites esenciales y activos naturales, proporciona una acci\u00f3n calmante y reparadora, ideal para pieles sensibles o estresadas.<\/p>\n","protected":false},"excerpt":{"rendered":"<p>Mascarilla facial calmante e hidratante que repara, suaviza y protege la piel.<\/p>\n","protected":false},"featured_media":1082,"template":"","meta":{"_joinchat":[]},"product_brand":[85],"product_cat":[22,59],"product_tag":[],"class_list":{"0":"post-1192","1":"product","2":"type-product","3":"status-publish","4":"has-post-thumbnail","6":"product_brand-organicare","7":"product_cat-cuidado-facial","8":"product_cat-tratamiento-cuidado-facial","10":"first","11":"instock","12":"shipping-taxable","13":"purchasable","14":"product-type-simple"},"_links":{"self":[{"href":"https:\/\/cosmeticshop.com.co\/index.php?rest_route=\/wp\/v2\/product\/1192","targetHints":{"allow":["GET"]}}],"collection":[{"href":"https:\/\/cosmeticshop.com.co\/index.php?rest_route=\/wp\/v2\/product"}],"about":[{"href":"https:\/\/cosmeticshop.com.co\/index.php?rest_route=\/wp\/v2\/types\/product"}],"wp:featuredmedia":[{"embeddable":true,"href":"https:\/\/cosmeticshop.com.co\/index.php?rest_route=\/wp\/v2\/media\/1082"}],"wp:attachment":[{"href":"https:\/\/cosmeticshop.com.co\/index.php?rest_route=%2Fwp%2Fv2%2Fmedia&parent=1192"}],"wp:term":[{"taxonomy":"product_brand","embeddable":true,"href":"https:\/\/cosmeticshop.com.co\/index.php?rest_route=%2Fwp%2Fv2%2Fproduct_brand&post=1192"},{"taxonomy":"product_cat","embeddable":true,"href":"https:\/\/cosmeticshop.com.co\/index.php?rest_route=%2Fwp%2Fv2%2Fproduct_cat&post=1192"},{"taxonomy":"product_tag","embeddable":true,"href":"https:\/\/cosmeticshop.com.co\/index.php?rest_route=%2Fwp%2Fv2%2Fproduct_tag&post=1192"}],"curies":[{"name":"wp","href":"https:\/\/api.w.org\/{rel}","templated":true}]}}