{"id":1191,"date":"2026-03-23T16:59:41","date_gmt":"2026-03-23T16:59:41","guid":{"rendered":"https:\/\/cosmeticshop.com.co\/?product=gel-liposomado-para-estrias"},"modified":"2026-04-14T17:10:05","modified_gmt":"2026-04-14T17:10:05","slug":"gel-liposomado-para-estrias","status":"publish","type":"product","link":"https:\/\/cosmeticshop.com.co\/?product=gel-liposomado-para-estrias","title":{"rendered":"Gel Liposomado Para Estr\u00edas"},"content":{"rendered":"<p>Su f\u00f3rmula con activos como Regestril y \u00e1cido hialur\u00f3nico ayuda a prevenir y atenuar la apariencia de estr\u00edas, mejorando la textura y firmeza de la piel.<\/p>\n<p>Beneficios:<br \/>\n\u2022 Ayuda a prevenir y reducir la apariencia de estr\u00edas<br \/>\n\u2022 Estimula la producci\u00f3n de col\u00e1geno y elasticidad<br \/>\n\u2022 Mejora la firmeza y tonicidad de la piel<br \/>\n\u2022 Hidrata profundamente y mantiene la piel flexible<br \/>\n\u2022 Unifica el tono y mejora la textura<br \/>\n\u2022 Deja la piel m\u00e1s suave, tersa y saludable<\/p>\n<p>Gracias a su tecnolog\u00eda liposomada, favorece una mejor absorci\u00f3n de los activos, potenciando su efecto en la piel y ayudando a mantenerla m\u00e1s resistente y revitalizada.<\/p>\n<p>Ideal para incluir en tu rutina corporal diaria, especialmente en zonas propensas a estr\u00edas como abdomen, piernas y gl\u00fateos.<\/p>\n","protected":false},"excerpt":{"rendered":"<p>Gel liposomado para estr\u00edas que hidrata, mejora la elasticidad y ayuda a prevenir su aparici\u00f3n.<\/p>\n","protected":false},"featured_media":1078,"template":"","meta":{"_joinchat":[]},"product_brand":[85],"product_cat":[69,71],"product_tag":[],"class_list":{"0":"post-1191","1":"product","2":"type-product","3":"status-publish","4":"has-post-thumbnail","6":"product_brand-organicare","7":"product_cat-cuidado-corporal","8":"product_cat-hidratacion-profunda","10":"first","11":"instock","12":"shipping-taxable","13":"purchasable","14":"product-type-simple"},"_links":{"self":[{"href":"https:\/\/cosmeticshop.com.co\/index.php?rest_route=\/wp\/v2\/product\/1191","targetHints":{"allow":["GET"]}}],"collection":[{"href":"https:\/\/cosmeticshop.com.co\/index.php?rest_route=\/wp\/v2\/product"}],"about":[{"href":"https:\/\/cosmeticshop.com.co\/index.php?rest_route=\/wp\/v2\/types\/product"}],"wp:featuredmedia":[{"embeddable":true,"href":"https:\/\/cosmeticshop.com.co\/index.php?rest_route=\/wp\/v2\/media\/1078"}],"wp:attachment":[{"href":"https:\/\/cosmeticshop.com.co\/index.php?rest_route=%2Fwp%2Fv2%2Fmedia&parent=1191"}],"wp:term":[{"taxonomy":"product_brand","embeddable":true,"href":"https:\/\/cosmeticshop.com.co\/index.php?rest_route=%2Fwp%2Fv2%2Fproduct_brand&post=1191"},{"taxonomy":"product_cat","embeddable":true,"href":"https:\/\/cosmeticshop.com.co\/index.php?rest_route=%2Fwp%2Fv2%2Fproduct_cat&post=1191"},{"taxonomy":"product_tag","embeddable":true,"href":"https:\/\/cosmeticshop.com.co\/index.php?rest_route=%2Fwp%2Fv2%2Fproduct_tag&post=1191"}],"curies":[{"name":"wp","href":"https:\/\/api.w.org\/{rel}","templated":true}]}}