{"id":1187,"date":"2026-03-23T16:59:41","date_gmt":"2026-03-23T16:59:41","guid":{"rendered":"https:\/\/cosmeticshop.com.co\/?product=complex-nutritiva-hidratante"},"modified":"2026-03-23T19:56:46","modified_gmt":"2026-03-23T19:56:46","slug":"complex-nutritiva-hidratante","status":"publish","type":"product","link":"https:\/\/cosmeticshop.com.co\/?product=complex-nutritiva-hidratante","title":{"rendered":"Complex Nutritiva Hidratante"},"content":{"rendered":"<p>Su f\u00f3rmula nutritiva con complejo de vitaminas ayuda a mejorar la elasticidad de la piel mientras aporta hidrataci\u00f3n profunda sin dejar sensaci\u00f3n pesada.<\/p>\n<p>Beneficios:<br \/>\n\u2022 Nutre la piel sin efecto graso<br \/>\n\u2022 Mejora la elasticidad y suavidad<br \/>\n\u2022 Hidrataci\u00f3n equilibrada y duradera<br \/>\n\u2022 Acci\u00f3n antioxidante que protege la piel<br \/>\n\u2022 Ayuda a mantener el balance natural (hidrolip\u00eddico)<br \/>\n\u2022 Textura ligera de r\u00e1pida absorci\u00f3n<\/p>\n<p>Enriquecida con vitaminas A, E, F y H, que contribuyen a mantener la piel saludable, suave y protegida frente a factores externos.<\/p>\n","protected":false},"excerpt":{"rendered":"<p>Crema nutritiva que hidrata, mejora la elasticidad y deja la piel suave sin sensaci\u00f3n grasa.<\/p>\n","protected":false},"featured_media":1067,"template":"","meta":{"_joinchat":[]},"product_brand":[85],"product_cat":[22,59],"product_tag":[],"class_list":{"0":"post-1187","1":"product","2":"type-product","3":"status-publish","4":"has-post-thumbnail","6":"product_brand-organicare","7":"product_cat-cuidado-facial","8":"product_cat-tratamiento-cuidado-facial","10":"first","11":"instock","12":"shipping-taxable","13":"purchasable","14":"product-type-simple"},"_links":{"self":[{"href":"https:\/\/cosmeticshop.com.co\/index.php?rest_route=\/wp\/v2\/product\/1187","targetHints":{"allow":["GET"]}}],"collection":[{"href":"https:\/\/cosmeticshop.com.co\/index.php?rest_route=\/wp\/v2\/product"}],"about":[{"href":"https:\/\/cosmeticshop.com.co\/index.php?rest_route=\/wp\/v2\/types\/product"}],"wp:featuredmedia":[{"embeddable":true,"href":"https:\/\/cosmeticshop.com.co\/index.php?rest_route=\/wp\/v2\/media\/1067"}],"wp:attachment":[{"href":"https:\/\/cosmeticshop.com.co\/index.php?rest_route=%2Fwp%2Fv2%2Fmedia&parent=1187"}],"wp:term":[{"taxonomy":"product_brand","embeddable":true,"href":"https:\/\/cosmeticshop.com.co\/index.php?rest_route=%2Fwp%2Fv2%2Fproduct_brand&post=1187"},{"taxonomy":"product_cat","embeddable":true,"href":"https:\/\/cosmeticshop.com.co\/index.php?rest_route=%2Fwp%2Fv2%2Fproduct_cat&post=1187"},{"taxonomy":"product_tag","embeddable":true,"href":"https:\/\/cosmeticshop.com.co\/index.php?rest_route=%2Fwp%2Fv2%2Fproduct_tag&post=1187"}],"curies":[{"name":"wp","href":"https:\/\/api.w.org\/{rel}","templated":true}]}}