{"id":1186,"date":"2026-03-23T16:59:41","date_gmt":"2026-03-23T16:59:41","guid":{"rendered":"https:\/\/cosmeticshop.com.co\/?product=concentrado-acido-hialuronico"},"modified":"2026-03-23T19:56:39","modified_gmt":"2026-03-23T19:56:39","slug":"concentrado-acido-hialuronico","status":"publish","type":"product","link":"https:\/\/cosmeticshop.com.co\/?product=concentrado-acido-hialuronico","title":{"rendered":"Concentrado \u00c1cido Hialur\u00f3nico"},"content":{"rendered":"<p>Su f\u00f3rmula con \u00e1cido hialur\u00f3nico y activos naturales ayuda a hidratar profundamente la piel, mejorando su textura y aportando un aspecto m\u00e1s firme y saludable.<\/p>\n<p>Beneficios:<br \/>\n\u2022 Hidrataci\u00f3n profunda y duradera<br \/>\n\u2022 Mejora la apariencia del contorno de ojos<br \/>\n\u2022 Ayuda a reducir ojeras y bolsas<br \/>\n\u2022 Aporta firmeza y suavidad a la piel<br \/>\n\u2022 Nutre la epidermis con aceites naturales<br \/>\n\u2022 Deja la piel m\u00e1s fresca y revitalizada<\/p>\n<p>Enriquecido con ingredientes como aceite de aguacate, aceite de arg\u00e1n y cafe\u00edna, que ayudan a nutrir y regenerar la piel del contorno de ojos, reduciendo la hinchaz\u00f3n y mejorando su apariencia.<\/p>\n","protected":false},"excerpt":{"rendered":"<p>Concentrado de \u00e1cido hialur\u00f3nico que hidrata, reafirma y mejora la apariencia del contorno de ojos.<\/p>\n","protected":false},"featured_media":1012,"template":"","meta":{"_joinchat":[]},"product_brand":[85],"product_cat":[22,59],"product_tag":[],"class_list":{"0":"post-1186","1":"product","2":"type-product","3":"status-publish","4":"has-post-thumbnail","6":"product_brand-organicare","7":"product_cat-cuidado-facial","8":"product_cat-tratamiento-cuidado-facial","10":"first","11":"instock","12":"shipping-taxable","13":"purchasable","14":"product-type-simple"},"_links":{"self":[{"href":"https:\/\/cosmeticshop.com.co\/index.php?rest_route=\/wp\/v2\/product\/1186","targetHints":{"allow":["GET"]}}],"collection":[{"href":"https:\/\/cosmeticshop.com.co\/index.php?rest_route=\/wp\/v2\/product"}],"about":[{"href":"https:\/\/cosmeticshop.com.co\/index.php?rest_route=\/wp\/v2\/types\/product"}],"wp:featuredmedia":[{"embeddable":true,"href":"https:\/\/cosmeticshop.com.co\/index.php?rest_route=\/wp\/v2\/media\/1012"}],"wp:attachment":[{"href":"https:\/\/cosmeticshop.com.co\/index.php?rest_route=%2Fwp%2Fv2%2Fmedia&parent=1186"}],"wp:term":[{"taxonomy":"product_brand","embeddable":true,"href":"https:\/\/cosmeticshop.com.co\/index.php?rest_route=%2Fwp%2Fv2%2Fproduct_brand&post=1186"},{"taxonomy":"product_cat","embeddable":true,"href":"https:\/\/cosmeticshop.com.co\/index.php?rest_route=%2Fwp%2Fv2%2Fproduct_cat&post=1186"},{"taxonomy":"product_tag","embeddable":true,"href":"https:\/\/cosmeticshop.com.co\/index.php?rest_route=%2Fwp%2Fv2%2Fproduct_tag&post=1186"}],"curies":[{"name":"wp","href":"https:\/\/api.w.org\/{rel}","templated":true}]}}