{"id":1185,"date":"2026-03-23T16:59:41","date_gmt":"2026-03-23T16:59:41","guid":{"rendered":"https:\/\/cosmeticshop.com.co\/?product=serum-bio-retinol"},"modified":"2026-03-23T19:56:30","modified_gmt":"2026-03-23T19:56:30","slug":"serum-bio-retinol","status":"publish","type":"product","link":"https:\/\/cosmeticshop.com.co\/?product=serum-bio-retinol","title":{"rendered":"Serum Bio-retinol"},"content":{"rendered":"<p>Su f\u00f3rmula con bioretinol, alternativa vegetal al retinol, ayuda a mejorar visiblemente la textura y firmeza de la piel, aportando un efecto rejuvenecedor sin irritaci\u00f3n.<\/p>\n<p>Beneficios:<br \/>\n\u2022 Mejora la firmeza y elasticidad de la piel<br \/>\n\u2022 Ayuda a prevenir el envejecimiento y l\u00edneas de expresi\u00f3n<br \/>\n\u2022 Unifica el tono y mejora la luminosidad<br \/>\n\u2022 Efecto antioxidante que protege contra radicales libres<br \/>\n\u2022 Ayuda a controlar el exceso de grasa<br \/>\n\u2022 Contribuye a reducir imperfecciones y acn\u00e9<\/p>\n<p>De textura ligera y r\u00e1pida absorci\u00f3n, deja la piel m\u00e1s suave, uniforme y con un aspecto saludable d\u00eda tras d\u00eda.<\/p>\n","protected":false},"excerpt":{"rendered":"<p>S\u00e9rum de bioretinol que mejora la firmeza, textura y luminosidad de la piel.<\/p>\n","protected":false},"featured_media":1009,"template":"","meta":{"_joinchat":[]},"product_brand":[85],"product_cat":[22,59],"product_tag":[],"class_list":{"0":"post-1185","1":"product","2":"type-product","3":"status-publish","4":"has-post-thumbnail","6":"product_brand-organicare","7":"product_cat-cuidado-facial","8":"product_cat-tratamiento-cuidado-facial","10":"first","11":"instock","12":"shipping-taxable","13":"purchasable","14":"product-type-simple"},"_links":{"self":[{"href":"https:\/\/cosmeticshop.com.co\/index.php?rest_route=\/wp\/v2\/product\/1185","targetHints":{"allow":["GET"]}}],"collection":[{"href":"https:\/\/cosmeticshop.com.co\/index.php?rest_route=\/wp\/v2\/product"}],"about":[{"href":"https:\/\/cosmeticshop.com.co\/index.php?rest_route=\/wp\/v2\/types\/product"}],"wp:featuredmedia":[{"embeddable":true,"href":"https:\/\/cosmeticshop.com.co\/index.php?rest_route=\/wp\/v2\/media\/1009"}],"wp:attachment":[{"href":"https:\/\/cosmeticshop.com.co\/index.php?rest_route=%2Fwp%2Fv2%2Fmedia&parent=1185"}],"wp:term":[{"taxonomy":"product_brand","embeddable":true,"href":"https:\/\/cosmeticshop.com.co\/index.php?rest_route=%2Fwp%2Fv2%2Fproduct_brand&post=1185"},{"taxonomy":"product_cat","embeddable":true,"href":"https:\/\/cosmeticshop.com.co\/index.php?rest_route=%2Fwp%2Fv2%2Fproduct_cat&post=1185"},{"taxonomy":"product_tag","embeddable":true,"href":"https:\/\/cosmeticshop.com.co\/index.php?rest_route=%2Fwp%2Fv2%2Fproduct_tag&post=1185"}],"curies":[{"name":"wp","href":"https:\/\/api.w.org\/{rel}","templated":true}]}}