{"id":2249,"date":"2026-04-03T21:30:58","date_gmt":"2026-04-03T21:30:58","guid":{"rendered":"https:\/\/cosmeticshop.com.co\/?page_id=2249"},"modified":"2026-04-03T22:11:57","modified_gmt":"2026-04-03T22:11:57","slug":"envios-devoluciones","status":"publish","type":"page","link":"https:\/\/cosmeticshop.com.co\/?page_id=2249","title":{"rendered":"Env\u00edos &#038; devoluciones"},"content":{"rendered":"\t\t<div data-elementor-type=\"wp-page\" data-elementor-id=\"2249\" class=\"elementor elementor-2249\">\n\t\t\t\t<div class=\"elementor-element elementor-element-b0f5f3c e-flex e-con-boxed e-con e-parent\" data-id=\"b0f5f3c\" data-element_type=\"container\" data-e-type=\"container\">\n\t\t\t\t\t<div class=\"e-con-inner\">\n\t\t\t\t<div class=\"elementor-element elementor-element-9b894ae elementor-widget elementor-widget-heading\" data-id=\"9b894ae\" data-element_type=\"widget\" data-e-type=\"widget\" data-widget_type=\"heading.default\">\n\t\t\t\t<div class=\"elementor-widget-container\">\n\t\t\t\t\t<h5 class=\"elementor-heading-title elementor-size-default\"><br><br>Env\u00edos &amp; Devoluciones<br><br><\/h5>\t\t\t\t<\/div>\n\t\t\t\t<\/div>\n\t\t\t\t\t<\/div>\n\t\t\t\t<\/div>\n\t\t<div class=\"elementor-element elementor-element-7c13c59 e-flex e-con-boxed e-con e-parent\" data-id=\"7c13c59\" data-element_type=\"container\" data-e-type=\"container\">\n\t\t\t\t\t<div class=\"e-con-inner\">\n\t\t\t\t<div class=\"elementor-element elementor-element-7d245a8 elementor-widget elementor-widget-n-accordion\" data-id=\"7d245a8\" data-element_type=\"widget\" data-e-type=\"widget\" data-settings=\"{&quot;default_state&quot;:&quot;expanded&quot;,&quot;max_items_expended&quot;:&quot;one&quot;,&quot;n_accordion_animation_duration&quot;:{&quot;unit&quot;:&quot;ms&quot;,&quot;size&quot;:400,&quot;sizes&quot;:[]}}\" data-widget_type=\"nested-accordion.default\">\n\t\t\t\t<div class=\"elementor-widget-container\">\n\t\t\t\t\t\t\t<div class=\"e-n-accordion\" aria-label=\"Accordion. Open links with Enter or Space, close with Escape, and navigate with Arrow Keys\">\n\t\t\t\t\t\t<details id=\"e-n-accordion-item-1310\" class=\"e-n-accordion-item\" open>\n\t\t\t\t<summary class=\"e-n-accordion-item-title\" data-accordion-index=\"1\" tabindex=\"0\" aria-expanded=\"true\" aria-controls=\"e-n-accordion-item-1310\" >\n\t\t\t\t\t<span class='e-n-accordion-item-title-header'><div class=\"e-n-accordion-item-title-text\"> Costos de env\u00edo: <\/div><\/span>\n\t\t\t\t\t\t\t<span class='e-n-accordion-item-title-icon'>\n\t\t\t<span class='e-opened' ><svg aria-hidden=\"true\" class=\"e-font-icon-svg e-fas-minus\" viewBox=\"0 0 448 512\" xmlns=\"http:\/\/www.w3.org\/2000\/svg\"><path d=\"M416 208H32c-17.67 0-32 14.33-32 32v32c0 17.67 14.33 32 32 32h384c17.67 0 32-14.33 32-32v-32c0-17.67-14.33-32-32-32z\"><\/path><\/svg><\/span>\n\t\t\t<span class='e-closed'><svg aria-hidden=\"true\" class=\"e-font-icon-svg e-fas-plus\" viewBox=\"0 0 448 512\" xmlns=\"http:\/\/www.w3.org\/2000\/svg\"><path d=\"M416 208H272V64c0-17.67-14.33-32-32-32h-32c-17.67 0-32 14.33-32 32v144H32c-17.67 0-32 14.33-32 32v32c0 17.67 14.33 32 32 32h144v144c0 17.67 14.33 32 32 32h32c17.67 0 32-14.33 32-32V304h144c17.67 0 32-14.33 32-32v-32c0-17.67-14.33-32-32-32z\"><\/path><\/svg><\/span>\n\t\t<\/span>\n\n\t\t\t\t\t\t<\/summary>\n\t\t\t\t<div role=\"region\" aria-labelledby=\"e-n-accordion-item-1310\" class=\"elementor-element elementor-element-cec9a85 e-con-full e-flex e-con e-child\" data-id=\"cec9a85\" data-element_type=\"container\" data-e-type=\"container\">\n\t\t\t\t<div class=\"elementor-element elementor-element-e087b36 elementor-widget elementor-widget-text-editor\" data-id=\"e087b36\" data-element_type=\"widget\" data-e-type=\"widget\" data-widget_type=\"text-editor.default\">\n\t\t\t\t<div class=\"elementor-widget-container\">\n\t\t\t\t\t\t\t\t\t<p>Los costos de env\u00edo var\u00edan seg\u00fan el monto de tu compra:<\/p><ul><li>\u00a0Env\u00edo:<ul><li>El env\u00edo tendr\u00e1 un costo de $ 12.000 COP, para compras inferiores a $149.999, (El costo podr\u00e1 variar por transiciones del mercado).<\/li><li>El env\u00edo es gratuito para compras iguales o superiores a $150.000 COP.<\/li><\/ul><\/li><\/ul>\t\t\t\t\t\t\t\t<\/div>\n\t\t\t\t<\/div>\n\t\t\t\t<\/div>\n\t\t\t\t\t<\/details>\n\t\t\t\t\t\t<details id=\"e-n-accordion-item-1311\" class=\"e-n-accordion-item\" >\n\t\t\t\t<summary class=\"e-n-accordion-item-title\" data-accordion-index=\"2\" tabindex=\"-1\" aria-expanded=\"false\" aria-controls=\"e-n-accordion-item-1311\" >\n\t\t\t\t\t<span class='e-n-accordion-item-title-header'><div class=\"e-n-accordion-item-title-text\">  Tiempos de entrega: <\/div><\/span>\n\t\t\t\t\t\t\t<span class='e-n-accordion-item-title-icon'>\n\t\t\t<span class='e-opened' ><svg aria-hidden=\"true\" class=\"e-font-icon-svg e-fas-minus\" viewBox=\"0 0 448 512\" xmlns=\"http:\/\/www.w3.org\/2000\/svg\"><path d=\"M416 208H32c-17.67 0-32 14.33-32 32v32c0 17.67 14.33 32 32 32h384c17.67 0 32-14.33 32-32v-32c0-17.67-14.33-32-32-32z\"><\/path><\/svg><\/span>\n\t\t\t<span class='e-closed'><svg aria-hidden=\"true\" class=\"e-font-icon-svg e-fas-plus\" viewBox=\"0 0 448 512\" xmlns=\"http:\/\/www.w3.org\/2000\/svg\"><path d=\"M416 208H272V64c0-17.67-14.33-32-32-32h-32c-17.67 0-32 14.33-32 32v144H32c-17.67 0-32 14.33-32 32v32c0 17.67 14.33 32 32 32h144v144c0 17.67 14.33 32 32 32h32c17.67 0 32-14.33 32-32V304h144c17.67 0 32-14.33 32-32v-32c0-17.67-14.33-32-32-32z\"><\/path><\/svg><\/span>\n\t\t<\/span>\n\n\t\t\t\t\t\t<\/summary>\n\t\t\t\t<div role=\"region\" aria-labelledby=\"e-n-accordion-item-1311\" class=\"elementor-element elementor-element-ca53510 e-con-full e-flex e-con e-child\" data-id=\"ca53510\" data-element_type=\"container\" data-e-type=\"container\">\n\t\t\t\t<div class=\"elementor-element elementor-element-16afd77 elementor-widget elementor-widget-text-editor\" data-id=\"16afd77\" data-element_type=\"widget\" data-e-type=\"widget\" data-widget_type=\"text-editor.default\">\n\t\t\t\t<div class=\"elementor-widget-container\">\n\t\t\t\t\t\t\t\t\t<p>Los tiempos de entrega son de 2 a 5 d\u00edas, \u00fanicamente en d\u00edas h\u00e1biles dentro del territorio nacional (se comprende d\u00eda h\u00e1bil de lunes a viernes, no se cuentan s\u00e1bados, domingos ni festivos). Para ciudades de dif\u00edcil acceso, el tiempo de entrega puede extenderse hasta 15 d\u00edas h\u00e1biles.<\/p>\t\t\t\t\t\t\t\t<\/div>\n\t\t\t\t<\/div>\n\t\t\t\t<\/div>\n\t\t\t\t\t<\/details>\n\t\t\t\t\t\t<details id=\"e-n-accordion-item-1312\" class=\"e-n-accordion-item\" >\n\t\t\t\t<summary class=\"e-n-accordion-item-title\" data-accordion-index=\"3\" tabindex=\"-1\" aria-expanded=\"false\" aria-controls=\"e-n-accordion-item-1312\" >\n\t\t\t\t\t<span class='e-n-accordion-item-title-header'><div class=\"e-n-accordion-item-title-text\"> Devoluciones: <\/div><\/span>\n\t\t\t\t\t\t\t<span class='e-n-accordion-item-title-icon'>\n\t\t\t<span class='e-opened' ><svg aria-hidden=\"true\" class=\"e-font-icon-svg e-fas-minus\" viewBox=\"0 0 448 512\" xmlns=\"http:\/\/www.w3.org\/2000\/svg\"><path d=\"M416 208H32c-17.67 0-32 14.33-32 32v32c0 17.67 14.33 32 32 32h384c17.67 0 32-14.33 32-32v-32c0-17.67-14.33-32-32-32z\"><\/path><\/svg><\/span>\n\t\t\t<span class='e-closed'><svg aria-hidden=\"true\" class=\"e-font-icon-svg e-fas-plus\" viewBox=\"0 0 448 512\" xmlns=\"http:\/\/www.w3.org\/2000\/svg\"><path d=\"M416 208H272V64c0-17.67-14.33-32-32-32h-32c-17.67 0-32 14.33-32 32v144H32c-17.67 0-32 14.33-32 32v32c0 17.67 14.33 32 32 32h144v144c0 17.67 14.33 32 32 32h32c17.67 0 32-14.33 32-32V304h144c17.67 0 32-14.33 32-32v-32c0-17.67-14.33-32-32-32z\"><\/path><\/svg><\/span>\n\t\t<\/span>\n\n\t\t\t\t\t\t<\/summary>\n\t\t\t\t<div role=\"region\" aria-labelledby=\"e-n-accordion-item-1312\" class=\"elementor-element elementor-element-563de2b e-con-full e-flex e-con e-child\" data-id=\"563de2b\" data-element_type=\"container\" data-e-type=\"container\">\n\t\t\t\t<div class=\"elementor-element elementor-element-a4c8f71 elementor-widget elementor-widget-text-editor\" data-id=\"a4c8f71\" data-element_type=\"widget\" data-e-type=\"widget\" data-widget_type=\"text-editor.default\">\n\t\t\t\t<div class=\"elementor-widget-container\">\n\t\t\t\t\t\t\t\t\t<ul><li><p data-section-id=\"og5nas\" data-start=\"1165\" data-end=\"1191\"><strong>Cambios de producto:<\/strong><\/p><p data-start=\"1193\" data-end=\"1304\">Si deseas realizar un cambio, puedes solicitarlo dentro de los 30 d\u00edas calendario posteriores a la entrega.<\/p><p data-start=\"1306\" data-end=\"1318\">Condiciones:<\/p><ul data-start=\"1320\" data-end=\"1522\"><li data-section-id=\"1qe9f2\" data-start=\"1320\" data-end=\"1405\">El producto debe estar en perfecto estado, sin uso y con su empaque original.<\/li><li data-section-id=\"1myexa1\" data-start=\"1406\" data-end=\"1460\">El cambio aplica por productos de igual valor.<\/li><li data-section-id=\"15jpv5h\" data-start=\"1461\" data-end=\"1522\">El costo de env\u00edo del cambio es asumido por el cliente.<\/li><\/ul><\/li><\/ul><ul><li><p data-section-id=\"1e6g3w3\" data-start=\"1619\" data-end=\"1661\"><strong>Productos defectuosos o incorrectos:<\/strong><\/p><p data-start=\"1663\" data-end=\"1772\">Si recibes un producto en mal estado o diferente al solicitado, debes contactarnos de inmediato enviando:<\/p><ul data-start=\"1774\" data-end=\"1854\"><li data-section-id=\"1ii6zkr\" data-start=\"1774\" data-end=\"1794\">N\u00famero de pedido<\/li><li data-section-id=\"1i617tv\" data-start=\"1795\" data-end=\"1828\">Descripci\u00f3n del inconveniente<\/li><li data-section-id=\"84lg8t\" data-start=\"1829\" data-end=\"1854\">Evidencia fotogr\u00e1fica<\/li><\/ul><p data-start=\"1856\" data-end=\"1931\">Evaluaremos el caso y te informaremos si procede el cambio o reembolso.<\/p><p data-start=\"1933\" data-end=\"1943\">Si aplica:<\/p><ul data-start=\"1945\" data-end=\"2217\"><li data-section-id=\"2lyi5p\" data-start=\"1945\" data-end=\"2045\">El reembolso o cambio se realizar\u00e1 en el menor tiempo posible, m\u00e1ximo en 30 d\u00edas calendario.<\/li><li data-section-id=\"15gxs55\" data-start=\"2046\" data-end=\"2128\">Se incluir\u00e1n los costos de env\u00edo cuando el error o defecto sea confirmado.<\/li><li data-section-id=\"1249gby\" data-start=\"2129\" data-end=\"2217\">La devoluci\u00f3n se har\u00e1 por el mismo medio de pago (o uno alternativo si no es posible).<\/li><\/ul><\/li><\/ul>\t\t\t\t\t\t\t\t<\/div>\n\t\t\t\t<\/div>\n\t\t\t\t<\/div>\n\t\t\t\t\t<\/details>\n\t\t\t\t\t<\/div>\n\t\t\t\t\t\t<\/div>\n\t\t\t\t<\/div>\n\t\t\t\t\t<\/div>\n\t\t\t\t<\/div>\n\t\t\t\t<\/div>\n\t\t","protected":false},"excerpt":{"rendered":"<p>Env\u00edos &amp; Devoluciones Costos de env\u00edo: Los costos de env\u00edo var\u00edan seg\u00fan el monto de tu compra: \u00a0Env\u00edo: El env\u00edo tendr\u00e1 un costo de $ 12.000 COP, para compras inferiores a $149.999, (El costo podr\u00e1 variar por transiciones del mercado). El env\u00edo es gratuito para compras iguales o superiores a $150.000 COP. Tiempos de entrega: [&hellip;]<\/p>\n","protected":false},"author":1,"featured_media":0,"parent":0,"menu_order":0,"comment_status":"closed","ping_status":"closed","template":"","meta":{"_joinchat":[],"footnotes":""},"class_list":["post-2249","page","type-page","status-publish","hentry"],"blocksy_meta":[],"_hostinger_reach_plugin_has_subscription_block":false,"_hostinger_reach_plugin_is_elementor":false,"_links":{"self":[{"href":"https:\/\/cosmeticshop.com.co\/index.php?rest_route=\/wp\/v2\/pages\/2249","targetHints":{"allow":["GET"]}}],"collection":[{"href":"https:\/\/cosmeticshop.com.co\/index.php?rest_route=\/wp\/v2\/pages"}],"about":[{"href":"https:\/\/cosmeticshop.com.co\/index.php?rest_route=\/wp\/v2\/types\/page"}],"author":[{"embeddable":true,"href":"https:\/\/cosmeticshop.com.co\/index.php?rest_route=\/wp\/v2\/users\/1"}],"replies":[{"embeddable":true,"href":"https:\/\/cosmeticshop.com.co\/index.php?rest_route=%2Fwp%2Fv2%2Fcomments&post=2249"}],"version-history":[{"count":21,"href":"https:\/\/cosmeticshop.com.co\/index.php?rest_route=\/wp\/v2\/pages\/2249\/revisions"}],"predecessor-version":[{"id":2283,"href":"https:\/\/cosmeticshop.com.co\/index.php?rest_route=\/wp\/v2\/pages\/2249\/revisions\/2283"}],"wp:attachment":[{"href":"https:\/\/cosmeticshop.com.co\/index.php?rest_route=%2Fwp%2Fv2%2Fmedia&parent=2249"}],"curies":[{"name":"wp","href":"https:\/\/api.w.org\/{rel}","templated":true}]}}